{"id":830,"date":"2018-08-31T17:12:31","date_gmt":"2018-08-31T20:12:31","guid":{"rendered":"https:\/\/iestv-tuc.infd.edu.ar\/sitio\/re-inscripcion-2018\/"},"modified":"2026-03-22T12:58:27","modified_gmt":"2026-03-22T15:58:27","slug":"re-inscripcion-2020","status":"publish","type":"page","link":"https:\/\/iestv-tuc.infd.edu.ar\/sitio\/re-inscripcion-2020\/","title":{"rendered":"REINSCRIPCI\u00d3N 2026"},"content":{"rendered":"<blockquote>\n<h6 style=\"text-align: center;\"><span style=\"color: #000080;\"><img decoding=\"async\" loading=\"lazy\" class=\"alignnone wp-image-1025\" src=\"https:\/\/iestv-tuc.infd.edu.ar\/sitio\/wp-content\/uploads\/2020\/11\/LOGO-IES.png\" alt=\"\" width=\"78\" height=\"96\" \/>\u00a0<\/span><\/h6>\n<\/blockquote>\n<h1 style=\"text-align: center;\"><span style=\"color: #000080;\">REINSCRIPCI\u00d3N 2026<\/span><\/h1>\n<p><img decoding=\"async\" loading=\"lazy\" class=\"alignnone size-medium wp-image-2275\" src=\"https:\/\/iestv-tuc.infd.edu.ar\/sitio\/wp-content\/uploads\/2026\/03\/Screenshot_20260313_181548_Canva-940x1000.jpg\" alt=\"\" width=\"940\" height=\"1000\" srcset=\"https:\/\/iestv-tuc.infd.edu.ar\/sitio\/wp-content\/uploads\/2026\/03\/Screenshot_20260313_181548_Canva-940x1000.jpg 940w, https:\/\/iestv-tuc.infd.edu.ar\/sitio\/wp-content\/uploads\/2026\/03\/Screenshot_20260313_181548_Canva-768x817.jpg 768w, https:\/\/iestv-tuc.infd.edu.ar\/sitio\/wp-content\/uploads\/2026\/03\/Screenshot_20260313_181548_Canva.jpg 1002w\" sizes=\"(max-width: 940px) 100vw, 940px\" \/><\/p>\n<p>Las Reinscripciones estar\u00e1n habilitadas a partir del d\u00eda lunes 23 y martes 24 de marzo, a trav\u00e9s de los enlaces publicados abajo.<\/p>\n<p>FECHA DE CIERRE DE REINSCRIPCI\u00d3N: Martes 24\/03 &#8211; HORAS: 23:59<\/p>\n<h2><\/h2>\n<h4><img decoding=\"async\" loading=\"lazy\" class=\"alignnone wp-image-896\" src=\"https:\/\/iestv-tuc.infd.edu.ar\/sitio\/wp-content\/uploads\/2019\/03\/descarga-1.jpg\" alt=\"\" width=\"198\" height=\"161\" \/><\/h4>\n<h4>PROFESORADO DE EDUCACI\u00d3N SECUNDARIA EN F\u00cdSICA\u00a0 <img decoding=\"async\" loading=\"lazy\" class=\"alignnone wp-image-1055\" src=\"https:\/\/iestv-tuc.infd.edu.ar\/sitio\/wp-content\/uploads\/2020\/11\/MANO.png\" alt=\"\" width=\"21\" height=\"21\" srcset=\"https:\/\/iestv-tuc.infd.edu.ar\/sitio\/wp-content\/uploads\/2020\/11\/MANO.png 512w, https:\/\/iestv-tuc.infd.edu.ar\/sitio\/wp-content\/uploads\/2020\/11\/MANO-500x500.png 500w\" sizes=\"(max-width: 21px) 100vw, 21px\" \/><a href=\"https:\/\/docs.google.com\/forms\/d\/17kxVCw1gFMQTC666CSJdeQDylWWpHNaPNQwqkJkGq2E\/edit\">(Clic ac\u00e1)<\/a>.<\/h4>\n<h4>PROFESORADO DE EDUCACI\u00d3N PRIMARIA\u00a0 <span style=\"color: #ff6600;\"><strong>\u00a0<\/strong><\/span><img decoding=\"async\" loading=\"lazy\" class=\"alignnone wp-image-1055\" src=\"https:\/\/iestv-tuc.infd.edu.ar\/sitio\/wp-content\/uploads\/2020\/11\/MANO.png\" alt=\"\" width=\"21\" height=\"21\" srcset=\"https:\/\/iestv-tuc.infd.edu.ar\/sitio\/wp-content\/uploads\/2020\/11\/MANO.png 512w, https:\/\/iestv-tuc.infd.edu.ar\/sitio\/wp-content\/uploads\/2020\/11\/MANO-500x500.png 500w\" sizes=\"(max-width: 21px) 100vw, 21px\" \/><a href=\"https:\/\/docs.google.com\/forms\/d\/1FNDlpPVooA9st4SUW9Kj3iwbJ_SqpLmVjhJSbl2tNWM\/edit\">(Clic ac\u00e1)<\/a>.<\/h4>\n<h4>PROFESORADO DE EDUCACI\u00d3N INICIAL\u00a0<img decoding=\"async\" loading=\"lazy\" class=\"alignnone wp-image-1055\" src=\"https:\/\/iestv-tuc.infd.edu.ar\/sitio\/wp-content\/uploads\/2020\/11\/MANO.png\" alt=\"\" width=\"21\" height=\"21\" srcset=\"https:\/\/iestv-tuc.infd.edu.ar\/sitio\/wp-content\/uploads\/2020\/11\/MANO.png 512w, https:\/\/iestv-tuc.infd.edu.ar\/sitio\/wp-content\/uploads\/2020\/11\/MANO-500x500.png 500w\" sizes=\"(max-width: 21px) 100vw, 21px\" \/>\u00a0<a href=\"https:\/\/docs.google.com\/forms\/d\/1iU-Bgks5pjodwk57QA-Trpjc99ILrE4UdHjTzN-zUcc\/edit\">(Clic ac\u00e1)<\/a>.<\/h4>\n<h4>TECNICATURA SUPERIOR EN GESTI\u00d3N AMBIENTAL <span style=\"color: #0000ff;\">(PRESENTARSE POR LA INSTITUCI\u00d3N EL D\u00cdA MIERCOLES 25 DE MARZO DE 19 A 21HS PARA REINSCRIPCI\u00d3N &#8211; \u00daNICO D\u00cdA)<\/span><\/h4>\n<h4><span style=\"color: #993300;\">TECNICATURA SUPERIOR EN DESARROLLO DE SOFTWARE <\/span><span style=\"color: #0000ff;\">(PRESENTARSE POR LA INSTITUCI\u00d3N DE YERBA BUENA O LAS TALITAS EL D\u00cdA MIERCOLES 25 DE MARZO DE 19 A 21HS PARA REINSCRIPCI\u00d3N &#8211; \u00daNICO D\u00cdA)\u00a0<\/span><\/h4>\n<h3><\/h3>\n","protected":false},"excerpt":{"rendered":"<p>\u00a0 REINSCRIPCI\u00d3N 2026 Las Reinscripciones estar\u00e1n habilitadas a partir del d\u00eda lunes 23 y martes 24 de marzo, a trav\u00e9s de los enlaces publicados abajo. FECHA DE CIERRE DE REINSCRIPCI\u00d3N: Martes 24\/03 &#8211; HORAS: 23:59 PROFESORADO DE EDUCACI\u00d3N SECUNDARIA EN F\u00cdSICA\u00a0 (Clic ac\u00e1). PROFESORADO DE EDUCACI\u00d3N PRIMARIA\u00a0 \u00a0(Clic ac\u00e1). PROFESORADO DE EDUCACI\u00d3N INICIAL\u00a0\u00a0(Clic ac\u00e1). TECNICATURA &#8230; <a title=\"REINSCRIPCI\u00d3N 2026\" class=\"read-more\" href=\"https:\/\/iestv-tuc.infd.edu.ar\/sitio\/re-inscripcion-2020\/\" aria-label=\"More on REINSCRIPCI\u00d3N 2026\">[+]<\/a><\/p>\n","protected":false},"author":34,"featured_media":0,"parent":0,"menu_order":0,"comment_status":"closed","ping_status":"closed","template":"","meta":[],"acf":[],"_links":{"self":[{"href":"https:\/\/iestv-tuc.infd.edu.ar\/sitio\/wp-json\/wp\/v2\/pages\/830"}],"collection":[{"href":"https:\/\/iestv-tuc.infd.edu.ar\/sitio\/wp-json\/wp\/v2\/pages"}],"about":[{"href":"https:\/\/iestv-tuc.infd.edu.ar\/sitio\/wp-json\/wp\/v2\/types\/page"}],"author":[{"embeddable":true,"href":"https:\/\/iestv-tuc.infd.edu.ar\/sitio\/wp-json\/wp\/v2\/users\/34"}],"replies":[{"embeddable":true,"href":"https:\/\/iestv-tuc.infd.edu.ar\/sitio\/wp-json\/wp\/v2\/comments?post=830"}],"version-history":[{"count":36,"href":"https:\/\/iestv-tuc.infd.edu.ar\/sitio\/wp-json\/wp\/v2\/pages\/830\/revisions"}],"predecessor-version":[{"id":2283,"href":"https:\/\/iestv-tuc.infd.edu.ar\/sitio\/wp-json\/wp\/v2\/pages\/830\/revisions\/2283"}],"wp:attachment":[{"href":"https:\/\/iestv-tuc.infd.edu.ar\/sitio\/wp-json\/wp\/v2\/media?parent=830"}],"curies":[{"name":"wp","href":"https:\/\/api.w.org\/{rel}","templated":true}]}}