{"id":828,"date":"2018-08-31T17:12:30","date_gmt":"2018-08-31T20:12:30","guid":{"rendered":"https:\/\/iestv-tuc.infd.edu.ar\/sitio\/permiso-de-examenes-julio-agosto-2018\/"},"modified":"2025-04-10T19:19:18","modified_gmt":"2025-04-10T22:19:18","slug":"permiso-de-examenes-noviembre-diciembre-2018","status":"publish","type":"page","link":"https:\/\/iestv-tuc.infd.edu.ar\/sitio\/permiso-de-examenes-noviembre-diciembre-2018\/","title":{"rendered":"Permiso de Ex\u00e1menes ABRIL2019"},"content":{"rendered":"<p><span style=\"font-size: 12pt;\">&#8230;Para poder realizar la inscripci\u00f3n a las mesas de ex\u00e1menes del mes de Febrero &#8211; Marzo 2019, debe hacer clic en el profesorado que est\u00e1n cursando, completar el formulario con datos claros y marcar con una X la materia a rendir en la condici\u00f3n correspondiente e imprimir, en caso de no encontrar el espacio curricular\u00a0<strong>(Plan residual anterior al a\u00f1o 2015)<\/strong>\u00a0agregar dicho espacio curricular en las filas disponibles en la parte inferior del formulario.\u00a0<\/span><\/p>\n<p style=\"text-align: center;\"><span style=\"font-size: 12pt;\"><span style=\"text-decoration: underline;\"><strong>Fecha de Recepci\u00f3n del formulario<\/strong>\u00a0<\/span><\/span><\/p>\n<p style=\"text-align: center;\"><span style=\"font-size: 14pt;\"><span style=\"color: #0000ff;\"><span style=\"font-size: 14pt; color: #0000ff;\"><b>11 de Febrero\u00a0<\/b><\/span><span style=\"color: #0000ff;\"><span style=\"font-size: 18.6667px;\"><b>\u00daNICO<\/b><\/span><\/span><span style=\"color: #0000ff;\"><b style=\"font-size: 14pt;\">\u00a0<\/b><span style=\"font-size: 18.6667px;\"><b>D\u00cdA<\/b><\/span><b style=\"font-size: 14pt;\">\u00a0DE 19:00 A 21:00 HS.<\/b><\/span><\/span><\/span><\/p>\n<p class=\"Titulo1 Resaltado1\" style=\"text-align: left;\"><span style=\"font-size: 10pt; color: #ffffff;\"><strong><span style=\"font-size: 12pt;\"><span style=\"color: #ffffff;\"><a title=\"Secretaria Academica\" href=\"https:\/\/iestv-tuc.infd.edu.ar\/sitio\/wp-content\/uploads\/2018\/12\/PERMISO-EXAMEN-FEBRERO-19-PRIMARIA.xls\" target=\"_blank\" rel=\"noopener\">Profesorado de Educaci\u00f3n Primaria 1\u00b0 TURNO<\/a><\/span><\/span><\/strong><\/span><\/p>\n<p class=\"Titulo1 Resaltado1\" style=\"text-align: left;\"><span style=\"color: #ffffff;\"><strong style=\"font-size: 10pt;\"><span style=\"font-size: 12pt;\"><span style=\"color: #ffffff;\"><a title=\"Secretaria Academica\" href=\"https:\/\/iestv-tuc.infd.edu.ar\/sitio\/wp-content\/uploads\/2018\/12\/PERMISO-EXAMEN-FEBRERO-19-INICIAL.xls\" target=\"_blank\" rel=\"noopener\">Profesorado de Educaci\u00f3n Inicial 1\u00b0 TURNO<\/a><\/span><\/span><\/strong><\/span><\/p>\n<p class=\"Titulo1 Resaltado1\" style=\"text-align: left;\"><span style=\"font-size: 10pt; color: #ffffff;\"><strong><span style=\"font-size: 12pt;\"><span style=\"color: #ffffff;\"><a title=\"Secretaria Academica\" href=\"https:\/\/iestv-tuc.infd.edu.ar\/sitio\/wp-content\/uploads\/2018\/12\/PERMISO-EXAMEN-FEBRERO-19-FISICA.xls\" target=\"_blank\" rel=\"noopener\">Profesorado de Educaci\u00f3n Secundaria en F\u00edsica 1\u00b0 TURNO<\/a><\/span><\/span><\/strong><\/span><\/p>\n<p><span style=\"font-size: 10pt; color: #ffffff;\"><strong><span style=\"font-size: 12pt;\"><span style=\"color: #ffffff;\"><a title=\"Secretaria Academica\" href=\"https:\/\/iestv-tuc.infd.edu.ar\/sitio\/wp-content\/uploads\/2018\/12\/PERMISO-EXAMEN-MARZO-19-PRIMARIA.xls\" target=\"_blank\" rel=\"noopener\">Profesorado de Educaci\u00f3n Primaria 2\u00b0 TURNO<\/a><\/span><\/span><\/strong><\/span><\/p>\n<p><span style=\"color: #ffffff;\"><strong style=\"font-size: 10pt;\"><span style=\"font-size: 12pt;\"><a title=\"Secretaria Academica\" href=\"https:\/\/iestv-tuc.infd.edu.ar\/sitio\/wp-content\/uploads\/2018\/12\/PERMISO-EXAMEN-MARZO-19-INICIAL.xls\" target=\"_blank\" rel=\"noopener\">Profesorado de Educaci\u00f3n Inicial 2\u00b0 TURNO<\/a><\/span><\/strong><\/span><\/p>\n<p><span style=\"font-size: 10pt; color: #ffffff;\"><strong><span style=\"font-size: 12pt;\"><span style=\"color: #ffffff;\"><a title=\"Secretaria Academica\" href=\"https:\/\/iestv-tuc.infd.edu.ar\/sitio\/wp-content\/uploads\/2018\/12\/PERMISO-EXAMEN-MARZO-19-FISICA.xls\" target=\"_blank\" rel=\"noopener\">Profesorado de Educaci\u00f3n Secundaria en F\u00edsica 2\u00b0 TURNO<\/a><\/span><\/span><\/strong><\/span><\/p>\n","protected":false},"excerpt":{"rendered":"<p>&#8230;Para poder realizar la inscripci\u00f3n a las mesas de ex\u00e1menes del mes de Febrero &#8211; Marzo 2019, debe hacer clic en el profesorado que est\u00e1n cursando, completar el formulario con datos claros y marcar con una X la materia a rendir en la condici\u00f3n correspondiente e imprimir, en caso de no encontrar el espacio curricular\u00a0(Plan &#8230; <a title=\"Permiso de Ex\u00e1menes ABRIL2019\" class=\"read-more\" href=\"https:\/\/iestv-tuc.infd.edu.ar\/sitio\/permiso-de-examenes-noviembre-diciembre-2018\/\" aria-label=\"More on Permiso de Ex\u00e1menes ABRIL2019\">[+]<\/a><\/p>\n","protected":false},"author":34,"featured_media":0,"parent":0,"menu_order":0,"comment_status":"closed","ping_status":"closed","template":"","meta":[],"acf":[],"_links":{"self":[{"href":"https:\/\/iestv-tuc.infd.edu.ar\/sitio\/wp-json\/wp\/v2\/pages\/828"}],"collection":[{"href":"https:\/\/iestv-tuc.infd.edu.ar\/sitio\/wp-json\/wp\/v2\/pages"}],"about":[{"href":"https:\/\/iestv-tuc.infd.edu.ar\/sitio\/wp-json\/wp\/v2\/types\/page"}],"author":[{"embeddable":true,"href":"https:\/\/iestv-tuc.infd.edu.ar\/sitio\/wp-json\/wp\/v2\/users\/34"}],"replies":[{"embeddable":true,"href":"https:\/\/iestv-tuc.infd.edu.ar\/sitio\/wp-json\/wp\/v2\/comments?post=828"}],"version-history":[{"count":20,"href":"https:\/\/iestv-tuc.infd.edu.ar\/sitio\/wp-json\/wp\/v2\/pages\/828\/revisions"}],"predecessor-version":[{"id":1915,"href":"https:\/\/iestv-tuc.infd.edu.ar\/sitio\/wp-json\/wp\/v2\/pages\/828\/revisions\/1915"}],"wp:attachment":[{"href":"https:\/\/iestv-tuc.infd.edu.ar\/sitio\/wp-json\/wp\/v2\/media?parent=828"}],"curies":[{"name":"wp","href":"https:\/\/api.w.org\/{rel}","templated":true}]}}