{"id":826,"date":"2018-08-31T17:12:30","date_gmt":"2018-08-31T20:12:30","guid":{"rendered":"https:\/\/iestv-tuc.infd.edu.ar\/sitio\/servicio-de-noticias\/"},"modified":"2020-04-27T22:44:44","modified_gmt":"2020-04-28T01:44:44","slug":"servicio-de-noticias","status":"publish","type":"page","link":"https:\/\/iestv-tuc.infd.edu.ar\/sitio\/servicio-de-noticias\/","title":{"rendered":"SERVICIO DE NOTICIAS"},"content":{"rendered":"<p><img decoding=\"async\" loading=\"lazy\" class=\"size-full wp-image-968 aligncenter\" src=\"https:\/\/iestv-tuc.infd.edu.ar\/sitio\/wp-content\/uploads\/2020\/04\/becas-progresar.png\" alt=\"\" width=\"300\" height=\"168\" \/><\/p>\n<h4 style=\"text-align: center;\">Los alumnos que posean\u00a0 Beca Progresar y deben certificar las materias aprobadas durante el periodo lectivo 2019 deber\u00e1n ingresar al siguiente siguiente link:<\/h4>\n<h4 style=\"text-align: center;\">\u00a0<a href=\"https:\/\/des-tuc.infd.edu.ar\/sitio\/politicas-estudiantiles-y-becas\/\">https:\/\/des-tuc.infd.edu.ar\/sitio\/politicas-estudiantiles-y-becas\/<\/a><\/h4>\n<h4 style=\"text-align: center;\"><span style=\"color: #0000ff;\">Solicitamos a nuestros estudiantes la puesta en pr\u00e1ctica de la mayor honestidad a la hora de dar cuenta de su estado acad\u00e9mico.<\/span><\/h4>\n<h2 style=\"text-align: center;\"><b>El link estar\u00e1 disponible para la carga hasta el d\u00eda mi\u00e9rcoles 29 de Abril inclusive<\/b>, hasta las 23.59 horas.<\/h2>\n","protected":false},"excerpt":{"rendered":"<p>Los alumnos que posean\u00a0 Beca Progresar y deben certificar las materias aprobadas durante el periodo lectivo 2019 deber\u00e1n ingresar al siguiente siguiente link: \u00a0https:\/\/des-tuc.infd.edu.ar\/sitio\/politicas-estudiantiles-y-becas\/ Solicitamos a nuestros estudiantes la puesta en pr\u00e1ctica de la mayor honestidad a la hora de dar cuenta de su estado acad\u00e9mico. El link estar\u00e1 disponible para la carga hasta el &#8230; <a title=\"SERVICIO DE NOTICIAS\" class=\"read-more\" href=\"https:\/\/iestv-tuc.infd.edu.ar\/sitio\/servicio-de-noticias\/\" aria-label=\"More on SERVICIO DE NOTICIAS\">[+]<\/a><\/p>\n","protected":false},"author":34,"featured_media":0,"parent":0,"menu_order":0,"comment_status":"closed","ping_status":"closed","template":"","meta":[],"acf":[],"_links":{"self":[{"href":"https:\/\/iestv-tuc.infd.edu.ar\/sitio\/wp-json\/wp\/v2\/pages\/826"}],"collection":[{"href":"https:\/\/iestv-tuc.infd.edu.ar\/sitio\/wp-json\/wp\/v2\/pages"}],"about":[{"href":"https:\/\/iestv-tuc.infd.edu.ar\/sitio\/wp-json\/wp\/v2\/types\/page"}],"author":[{"embeddable":true,"href":"https:\/\/iestv-tuc.infd.edu.ar\/sitio\/wp-json\/wp\/v2\/users\/34"}],"replies":[{"embeddable":true,"href":"https:\/\/iestv-tuc.infd.edu.ar\/sitio\/wp-json\/wp\/v2\/comments?post=826"}],"version-history":[{"count":4,"href":"https:\/\/iestv-tuc.infd.edu.ar\/sitio\/wp-json\/wp\/v2\/pages\/826\/revisions"}],"predecessor-version":[{"id":971,"href":"https:\/\/iestv-tuc.infd.edu.ar\/sitio\/wp-json\/wp\/v2\/pages\/826\/revisions\/971"}],"wp:attachment":[{"href":"https:\/\/iestv-tuc.infd.edu.ar\/sitio\/wp-json\/wp\/v2\/media?parent=826"}],"curies":[{"name":"wp","href":"https:\/\/api.w.org\/{rel}","templated":true}]}}