{"id":820,"date":"2018-08-31T17:12:28","date_gmt":"2018-08-31T20:12:28","guid":{"rendered":"https:\/\/iestv-tuc.infd.edu.ar\/sitio\/inscripciones-2017\/"},"modified":"2023-11-01T14:31:08","modified_gmt":"2023-11-01T17:31:08","slug":"inscripciones-2017","status":"publish","type":"page","link":"https:\/\/iestv-tuc.infd.edu.ar\/sitio\/inscripciones-2017\/","title":{"rendered":"Inscripciones 2024"},"content":{"rendered":"<h1 style=\"text-align: center;\"><img decoding=\"async\" loading=\"lazy\" class=\"wp-image-1025 aligncenter\" style=\"font-size: 12pt; color: #ff6600;\" src=\"https:\/\/iestv-tuc.infd.edu.ar\/sitio\/wp-content\/uploads\/2020\/11\/LOGO-IES.png\" alt=\"\" width=\"58\" height=\"72\" \/><\/h1>\n<h1 style=\"text-align: center;\"><span style=\"color: #3366ff;\">ALUMNOS INGRESANTES 2024<\/span><\/h1>\n<h1 style=\"text-align: center;\"><span style=\"color: #ff0000;\"><strong>IMPORTANTE:<\/strong><\/span><\/h1>\n<h1 style=\"text-align: center;\">LAS INSCRIPCIONES SE REALIZAR\u00c1N DEL 15 AL 22 DE DICIEMBRE 2023.<\/h1>\n<h3><span style=\"color: #000000; font-size: 12pt;\">Correspondiente al ciclo lectivo 2024 de los Profesorados de Educaci\u00f3n , Profesorado de Educaci\u00f3n Inicial, Profesorado de Educaci\u00f3n Secundaria en F\u00edsica, Tecnicatura Superior en Desarrollo de Software y\u00a0<\/span><span style=\"color: #000000; font-size: 12pt;\">Tecnicatura Superior en Gesti\u00f3n Ambiental,<\/span><span style=\"font-size: 12pt;\"> y\u00a0 los alumnos que no env\u00eden la documentaci\u00f3n obligatoria no se considerar\u00e1n como alumnos inscriptos para el periodo lectivo 2024 (sin excepci\u00f3n) LEER ATENTAMENTE LOS REQUISITOS.<\/span><\/h3>\n<h2>\u00a0<img decoding=\"async\" loading=\"lazy\" class=\"wp-image-1027 aligncenter\" src=\"https:\/\/iestv-tuc.infd.edu.ar\/sitio\/wp-content\/uploads\/2020\/11\/REQUISITOS-DE-INSCRIPCION.jpg\" alt=\"\" width=\"732\" height=\"549\" \/><\/h2>\n<h2><span style=\"color: #ff0000;\">IMPORTANTE: Cuando guarde su archivo en PDF para enviar con la documentaci\u00f3n obligatoria debe hacerlo de la siguiente manera por ejemplo PEP y luego su apellido y nombre completo.<\/span><\/h2>\n<h4 style=\"text-align: left;\"><span style=\"color: #3366ff;\">REFERENCIAS:<\/span><\/h4>\n<h4 style=\"text-align: left;\">PEP: Profesorado de Educaci\u00f3n Primaria<\/h4>\n<h4 style=\"text-align: left;\">PEI: Profesorado de Educaci\u00f3n Inicial<\/h4>\n<h4>PESF: Profesorado de Educaci\u00f3n Secundaria en F\u00edsica<\/h4>\n<h4><strong>TSDS: Tecnicatura Superior en Desarrollo de Software<\/strong><\/h4>\n<h4>TSGA: Tecnicatura Superior en Gesti\u00f3n\u00a0Ambiental<\/h4>\n<h2 style=\"text-align: left;\"><span style=\"color: #3366ff;\">FORMULARIO DE INSCRIPCI\u00d3N:\u00a0<\/span><span style=\"color: #0b3dd4;\"><img decoding=\"async\" loading=\"lazy\" class=\"alignnone wp-image-1055\" src=\"https:\/\/iestv-tuc.infd.edu.ar\/sitio\/wp-content\/uploads\/2020\/11\/MANO.png\" alt=\"\" width=\"32\" height=\"32\" srcset=\"https:\/\/iestv-tuc.infd.edu.ar\/sitio\/wp-content\/uploads\/2020\/11\/MANO.png 512w, https:\/\/iestv-tuc.infd.edu.ar\/sitio\/wp-content\/uploads\/2020\/11\/MANO-500x500.png 500w\" sizes=\"(max-width: 32px) 100vw, 32px\" \/>\u00a0<a style=\"color: #0b3dd4;\" href=\"https:\/\/docs.google.com\/forms\/d\/1o8fqYmcMLHRHiNicfvWD1OZ5Vpt1jEx08kEO8o0ucvY\/edit?usp=sharing\">clic ac\u00e1\u00a0<\/a><\/span><\/h2>\n","protected":false},"excerpt":{"rendered":"<p>ALUMNOS INGRESANTES 2024 IMPORTANTE: LAS INSCRIPCIONES SE REALIZAR\u00c1N DEL 15 AL 22 DE DICIEMBRE 2023. Correspondiente al ciclo lectivo 2024 de los Profesorados de Educaci\u00f3n , Profesorado de Educaci\u00f3n Inicial, Profesorado de Educaci\u00f3n Secundaria en F\u00edsica, Tecnicatura Superior en Desarrollo de Software y\u00a0Tecnicatura Superior en Gesti\u00f3n Ambiental, y\u00a0 los alumnos que no env\u00eden la documentaci\u00f3n &#8230; <a title=\"Inscripciones 2024\" class=\"read-more\" href=\"https:\/\/iestv-tuc.infd.edu.ar\/sitio\/inscripciones-2017\/\" aria-label=\"More on Inscripciones 2024\">[+]<\/a><\/p>\n","protected":false},"author":34,"featured_media":0,"parent":0,"menu_order":0,"comment_status":"closed","ping_status":"closed","template":"","meta":[],"acf":[],"_links":{"self":[{"href":"https:\/\/iestv-tuc.infd.edu.ar\/sitio\/wp-json\/wp\/v2\/pages\/820"}],"collection":[{"href":"https:\/\/iestv-tuc.infd.edu.ar\/sitio\/wp-json\/wp\/v2\/pages"}],"about":[{"href":"https:\/\/iestv-tuc.infd.edu.ar\/sitio\/wp-json\/wp\/v2\/types\/page"}],"author":[{"embeddable":true,"href":"https:\/\/iestv-tuc.infd.edu.ar\/sitio\/wp-json\/wp\/v2\/users\/34"}],"replies":[{"embeddable":true,"href":"https:\/\/iestv-tuc.infd.edu.ar\/sitio\/wp-json\/wp\/v2\/comments?post=820"}],"version-history":[{"count":16,"href":"https:\/\/iestv-tuc.infd.edu.ar\/sitio\/wp-json\/wp\/v2\/pages\/820\/revisions"}],"predecessor-version":[{"id":1622,"href":"https:\/\/iestv-tuc.infd.edu.ar\/sitio\/wp-json\/wp\/v2\/pages\/820\/revisions\/1622"}],"wp:attachment":[{"href":"https:\/\/iestv-tuc.infd.edu.ar\/sitio\/wp-json\/wp\/v2\/media?parent=820"}],"curies":[{"name":"wp","href":"https:\/\/api.w.org\/{rel}","templated":true}]}}