{"id":286,"date":"2016-10-31T13:17:59","date_gmt":"2016-10-31T16:17:59","guid":{"rendered":"https:\/\/iestv-tuc.infd.edu.ar\/sitio\/?page_id=286"},"modified":"2025-08-31T18:23:47","modified_gmt":"2025-08-31T21:23:47","slug":"inicio","status":"publish","type":"page","link":"https:\/\/iestv-tuc.infd.edu.ar\/sitio\/","title":{"rendered":"Inicio"},"content":{"rendered":"<div id=\"metaslider-id-403\" style=\"width: 100%; margin: 0 auto;\" class=\"ml-slider-3-33-0 metaslider metaslider-flex metaslider-403 ml-slider ms-theme-default\" role=\"region\" aria-roledescription=\"Slideshow\" aria-label=\"Slideshow\">\n    <div id=\"metaslider_container_403\">\n        <div id=\"metaslider_403\" class=\"flexslider\">\n            <ul aria-live=\"polite\" class=\"slides\">\n                <li style=\"display: block; width: 100%;\" class=\"slide-981 ms-image\" aria-roledescription=\"slide\" aria-label=\"slide-981\"><a href=\"https:\/\/des-tuc.infd.edu.ar\/sitio\/politicas-estudiantiles-y-becas\/\" target=\"_blank\"><img src=\"https:\/\/iestv-tuc.infd.edu.ar\/sitio\/wp-content\/uploads\/2025\/07\/Gemini_Generated_Image_bjw5mobjw5mobjw5-834x291.png\" height=\"291\" width=\"834\" alt=\"\" class=\"slider-403 slide-981\" title=\"Gemini_Generated_Image_bjw5mobjw5mobjw5\" \/><\/a><\/li>\n                <li style=\"display: none; width: 100%;\" class=\"slide-607 ms-image\" aria-roledescription=\"slide\" aria-label=\"slide-607\"><a href=\"https:\/\/mapa.infd.edu.ar\/\" target=\"_blank\"><img src=\"https:\/\/iestv-tuc.infd.edu.ar\/sitio\/wp-content\/uploads\/2025\/07\/infod-750x261.jpg\" height=\"291\" width=\"834\" alt=\"\" class=\"slider-403 slide-607\" title=\"infod\" \/><\/a><\/li>\n            <\/ul>\n        <\/div>\n        \n    <\/div>\n<\/div>\n<div class=\"contenedor_main\" style=\"display: flex !important; flex-flow: column nowrap; justify-content: flex-start; align-items: center; gap: 10px; box-sizing: border-box; width: 100%; height: auto;\">\n<div class=\"contenedor_texto\" style=\"border-radius: 8px; box-sizing: border-box; width: 100%; height: 100%; padding: 5px; border: 2px solid #1e73be; display: flex; flex-flow: column nowrap; justify-content: flex-start; align-items: center;\"><img decoding=\"async\" class=\"img_izq\" style=\"border-radius: 5px; width: 100%; aspect-ratio: 3\/1; object-fit: cover;\" src=\"https:\/\/iestv-tuc.infd.edu.ar\/sitio\/wp-content\/uploads\/2025\/08\/ies-tv.png\" alt=\"Imagen del Repositorio de Laboratorio de Pr\u00e1cticas\" \/><\/p>\n<h3 class=\"h3_der\" style=\"font-size: 20px; text-align: center;\">Instituto de Ense\u00f1anza Superior \u00abTAFI VIEJO\u00bb \u2013 Tucum\u00e1n<\/h3>\n<p class=\"p_der\" style=\"font-size: 12px; text-align: justify; padding: 0 30px;\">El Instituto de Ense\u00f1anza Superior \u00abTaf\u00ed Viejo\u00bb, fundado el 3 de Mayo de 1991, a partir del a\u00f1o 1994 se inserta en el proceso de transformaci\u00f3n educativa propuesto por el Ministerio de Educaci\u00f3n de la Naci\u00f3n aceptando los nuevos desaf\u00edos.<\/p>\n<p style=\"font-size: 12px; text-align: justify; padding: 0 30px;\">Hoy, nuestro instituto de cara al siglo XXI ha instalado los tres pilares que exige la formaci\u00f3n superior:<\/p>\n<ul style=\"width: 60%; display: flex; flex-flow: column nowrap; justify-content: flex-start; align-items: flex-start;\">\n<li style=\"font-size: 12px; text-align: justify; padding: 0 20px;\">Formaci\u00f3n docente inicial.<\/li>\n<li style=\"font-size: 12px; text-align: justify; padding: 0 20px;\">Capacitaci\u00f3n, Perfeccionamiento y Actualizaci\u00f3n docente.<\/li>\n<li style=\"font-size: 12px; text-align: justify; padding: 0 20px;\">Promoci\u00f3n, Desarrollo e Investigaci\u00f3n.<\/li>\n<\/ul>\n<p style=\"font-size: 12px; text-align: justify; padding: 0 30px;\">De esta manera nuestro establecimiento de Formaci\u00f3n Superior No Universitaria conforma una s\u00f3lida estructura institucional, no una suma de partes. Propone un nuevo modelo de organizaci\u00f3n que se articula con el proyecto global propuesto a nivel nacional y a la vez contempla la singularidad y la identidad que le confiere.<\/p>\n<\/div>\n<div class=\"contenedor_izq\" style=\"box-sizing: border-box; width: 100%; height: auto; display: flex; flex-flow: column nowrap; justify-content: flex-start; align-items: center; gap: 10px;\"><a class=\"tarjeta_izq\" style=\"text-decoration: none; width: 100%; height: 180px; box-sizing: border-box; display: flex; justify-content: center; align-items: center;\" href=\"#\"> <img decoding=\"async\" class=\"img_izq\" style=\"width: 556px; height: 180px; transition: transform 0.3s ease, border-radius 0.3s ease;\" src=\"https:\/\/des-tuc.infd.edu.ar\/sitio\/wp-content\/uploads\/2025\/02\/Portada-fija-Curso-Introductorio-2025.jpg\" alt=\"Imagen del Curso Introductorio 2025\" \/> <\/a> <a class=\"tarjeta_izq\" style=\"text-decoration: none; width: 100%; height: 180px; box-sizing: border-box; overflow: hidden; display: flex; justify-content: center; align-items: center;\" href=\"#\"> <img decoding=\"async\" class=\"img_izq\" style=\"width: 556px; height: 180px; transition: transform 0.3s ease, border-radius 0.3s ease;\" src=\"https:\/\/des-tuc.infd.edu.ar\/sitio\/wp-content\/uploads\/2025\/02\/Oferta-educativa-de-Gestion-Estatal-portada-fija.jpg\" alt=\"Imagen de Oferta Educativa 2025\" \/> <\/a> <a class=\"tarjeta_izq\" style=\"text-decoration: none; width: 100%; height: 180px; box-sizing: border-box; overflow: hidden; display: flex; justify-content: center; align-items: center;\" href=\"#\"> <img decoding=\"async\" class=\"img_izq\" style=\"width: 556px; height: 180px; transition: transform 0.3s ease, border-radius 0.3s ease;\" src=\"https:\/\/des-tuc.infd.edu.ar\/sitio\/wp-content\/uploads\/2025\/03\/Repositorio-Laboratorio-de-Practicas.jpg\" alt=\"Imagen del Repositorio de Laboratorio de Pr\u00e1cticas\" \/> <\/a><\/div>\n<\/div>\n<h4 style=\"color: white;\">Nuestra Comunidad Estudiantil<\/h4>\n<div style=\"width: 100%; display: flex; justy-content: flex-start; align-items: center; gap: 15px; margin-bottom: 10px;\">\n<p><a href=\"https:\/\/www.facebook.com\/profile.php?id=100074632553835\"> <img decoding=\"async\" style=\"box-shadow: 0 0 5px white; border-radius: 50%; width: 48px; height: 48px;\" src=\"https:\/\/upload.wikimedia.org\/wikipedia\/commons\/thumb\/b\/b9\/2023_Facebook_icon.svg\/2048px-2023_Facebook_icon.svg.png\" alt=\"fb ies\" \/> <\/a><\/p>\n<p><a href=\"https:\/\/www.instagram.com\/tsdsyerbabuena\/\"> <img decoding=\"async\" style=\"box-shadow: 0 0 5px white; border-radius: 50%; width: 48px; height: 48px;\" src=\"https:\/\/upload.wikimedia.org\/wikipedia\/commons\/thumb\/e\/e7\/Instagram_logo_2016.svg\/2048px-Instagram_logo_2016.svg.png\" alt=\"ig ies\" \/> <\/a><\/p>\n<\/div>\n<p style=\"border-top: 2px solid white;\"><div id=\"metaslider-id-2111\" style=\"width: 100%; margin: 0 auto;\" class=\"ml-slider-3-33-0 metaslider metaslider-flex metaslider-2111 ml-slider ms-theme-default\" role=\"region\" aria-roledescription=\"Slideshow\" aria-label=\"Slideshow\">\n    <div id=\"metaslider_container_2111\">\n        <div id=\"metaslider_2111\" class=\"flexslider\">\n            <ul aria-live=\"polite\" class=\"slides\">\n                <li style=\"display: block; width: 100%;\" class=\"slide-2120 ms-image\" aria-roledescription=\"slide\" aria-label=\"slide-2120\"><img src=\"https:\/\/iestv-tuc.infd.edu.ar\/sitio\/wp-content\/uploads\/2025\/08\/tsds-834x291.jpg\" height=\"291\" width=\"834\" alt=\"\" class=\"slider-2111 slide-2120\" title=\"tsds\" \/><\/li>\n                <li style=\"display: none; width: 100%;\" class=\"slide-2121 ms-image\" aria-roledescription=\"slide\" aria-label=\"slide-2121\"><img src=\"https:\/\/iestv-tuc.infd.edu.ar\/sitio\/wp-content\/uploads\/2025\/08\/tsds-3-834x291.jpg\" height=\"291\" width=\"834\" alt=\"\" class=\"slider-2111 slide-2121\" title=\"tsds 3\" \/><\/li>\n                <li style=\"display: none; width: 100%;\" class=\"slide-2122 ms-image\" aria-roledescription=\"slide\" aria-label=\"slide-2122\"><img src=\"https:\/\/iestv-tuc.infd.edu.ar\/sitio\/wp-content\/uploads\/2025\/08\/tsds-2-e1756662376325-834x291.jpg\" height=\"291\" width=\"834\" alt=\"\" class=\"slider-2111 slide-2122\" title=\"tsds 2\" \/><\/li>\n                <li style=\"display: none; width: 100%;\" class=\"slide-2123 ms-image\" aria-roledescription=\"slide\" aria-label=\"slide-2123\"><img src=\"https:\/\/iestv-tuc.infd.edu.ar\/sitio\/wp-content\/uploads\/2025\/08\/prof-prim-e1756662439281-834x291.jpg\" height=\"291\" width=\"834\" alt=\"\" class=\"slider-2111 slide-2123\" title=\"prof prim\" \/><\/li>\n                <li style=\"display: none; width: 100%;\" class=\"slide-2124 ms-image\" aria-roledescription=\"slide\" aria-label=\"slide-2124\"><img src=\"https:\/\/iestv-tuc.infd.edu.ar\/sitio\/wp-content\/uploads\/2025\/08\/prof-inic-834x291.jpg\" height=\"291\" width=\"834\" alt=\"\" class=\"slider-2111 slide-2124\" title=\"prof inic\" \/><\/li>\n                <li style=\"display: none; width: 100%;\" class=\"slide-2125 ms-image\" aria-roledescription=\"slide\" aria-label=\"slide-2125\"><img src=\"https:\/\/iestv-tuc.infd.edu.ar\/sitio\/wp-content\/uploads\/2025\/08\/pro-fis-e1756662540892-834x291.jpg\" height=\"291\" width=\"834\" alt=\"\" class=\"slider-2111 slide-2125\" title=\"pro fis\" \/><\/li>\n                <li style=\"display: none; width: 100%;\" class=\"slide-2126 ms-image\" aria-roledescription=\"slide\" aria-label=\"slide-2126\"><img src=\"https:\/\/iestv-tuc.infd.edu.ar\/sitio\/wp-content\/uploads\/2025\/08\/gest-amb-e1756662671440-834x291.jpg\" height=\"291\" width=\"834\" alt=\"\" class=\"slider-2111 slide-2126\" title=\"gest amb\" \/><\/li>\n                <li style=\"display: none; width: 100%;\" class=\"slide-2236 ms-image\" aria-roledescription=\"slide\" aria-label=\"slide-2236\"><img src=\"https:\/\/iestv-tuc.infd.edu.ar\/sitio\/wp-content\/uploads\/2025\/08\/pro-fis-2-e1756662648252-834x291.jpg\" height=\"291\" width=\"834\" alt=\"\" class=\"slider-2111 slide-2236\" title=\"pro fis 2\" \/><\/li>\n            <\/ul>\n        <\/div>\n        \n    <\/div>\n<\/div><\/p>\n<p><img decoding=\"async\" loading=\"lazy\" class=\"size-medium wp-image-1713 aligncenter\" src=\"https:\/\/iestv-tuc.infd.edu.ar\/sitio\/wp-content\/uploads\/2024\/10\/FOLLETO-I.E.S.-TAFI-VIEJO_page-0001-1000x773.jpg\" alt=\"\" width=\"1000\" height=\"773\" srcset=\"https:\/\/iestv-tuc.infd.edu.ar\/sitio\/wp-content\/uploads\/2024\/10\/FOLLETO-I.E.S.-TAFI-VIEJO_page-0001-1000x773.jpg 1000w, https:\/\/iestv-tuc.infd.edu.ar\/sitio\/wp-content\/uploads\/2024\/10\/FOLLETO-I.E.S.-TAFI-VIEJO_page-0001-768x593.jpg 768w, https:\/\/iestv-tuc.infd.edu.ar\/sitio\/wp-content\/uploads\/2024\/10\/FOLLETO-I.E.S.-TAFI-VIEJO_page-0001-1536x1187.jpg 1536w, https:\/\/iestv-tuc.infd.edu.ar\/sitio\/wp-content\/uploads\/2024\/10\/FOLLETO-I.E.S.-TAFI-VIEJO_page-0001.jpg 1650w\" sizes=\"(max-width: 1000px) 100vw, 1000px\" \/><img decoding=\"async\" loading=\"lazy\" class=\"size-medium wp-image-1714 aligncenter\" src=\"https:\/\/iestv-tuc.infd.edu.ar\/sitio\/wp-content\/uploads\/2024\/10\/FOLLETO-I.E.S.-TAFI-VIEJO_page-0002-1000x773.jpg\" alt=\"\" width=\"1000\" height=\"773\" srcset=\"https:\/\/iestv-tuc.infd.edu.ar\/sitio\/wp-content\/uploads\/2024\/10\/FOLLETO-I.E.S.-TAFI-VIEJO_page-0002-1000x773.jpg 1000w, https:\/\/iestv-tuc.infd.edu.ar\/sitio\/wp-content\/uploads\/2024\/10\/FOLLETO-I.E.S.-TAFI-VIEJO_page-0002-768x593.jpg 768w, https:\/\/iestv-tuc.infd.edu.ar\/sitio\/wp-content\/uploads\/2024\/10\/FOLLETO-I.E.S.-TAFI-VIEJO_page-0002-1536x1187.jpg 1536w, https:\/\/iestv-tuc.infd.edu.ar\/sitio\/wp-content\/uploads\/2024\/10\/FOLLETO-I.E.S.-TAFI-VIEJO_page-0002.jpg 1650w\" sizes=\"(max-width: 1000px) 100vw, 1000px\" \/><img decoding=\"async\" loading=\"lazy\" class=\"size-medium wp-image-1708 aligncenter\" src=\"https:\/\/iestv-tuc.infd.edu.ar\/sitio\/wp-content\/uploads\/2024\/10\/PROFESORADOS-DEL-IES-TV-1000x707.jpeg\" alt=\"\" width=\"1000\" height=\"707\" srcset=\"https:\/\/iestv-tuc.infd.edu.ar\/sitio\/wp-content\/uploads\/2024\/10\/PROFESORADOS-DEL-IES-TV-1000x707.jpeg 1000w, https:\/\/iestv-tuc.infd.edu.ar\/sitio\/wp-content\/uploads\/2024\/10\/PROFESORADOS-DEL-IES-TV-768x543.jpeg 768w, https:\/\/iestv-tuc.infd.edu.ar\/sitio\/wp-content\/uploads\/2024\/10\/PROFESORADOS-DEL-IES-TV-1536x1086.jpeg 1536w, https:\/\/iestv-tuc.infd.edu.ar\/sitio\/wp-content\/uploads\/2024\/10\/PROFESORADOS-DEL-IES-TV.jpeg 1600w\" sizes=\"(max-width: 1000px) 100vw, 1000px\" \/><img decoding=\"async\" loading=\"lazy\" class=\"size-medium wp-image-1709 aligncenter\" src=\"https:\/\/iestv-tuc.infd.edu.ar\/sitio\/wp-content\/uploads\/2024\/10\/TEC-DES-SOFWARE-1000x707.jpeg\" alt=\"\" width=\"1000\" height=\"707\" srcset=\"https:\/\/iestv-tuc.infd.edu.ar\/sitio\/wp-content\/uploads\/2024\/10\/TEC-DES-SOFWARE-1000x707.jpeg 1000w, https:\/\/iestv-tuc.infd.edu.ar\/sitio\/wp-content\/uploads\/2024\/10\/TEC-DES-SOFWARE-768x543.jpeg 768w, https:\/\/iestv-tuc.infd.edu.ar\/sitio\/wp-content\/uploads\/2024\/10\/TEC-DES-SOFWARE-1536x1086.jpeg 1536w, https:\/\/iestv-tuc.infd.edu.ar\/sitio\/wp-content\/uploads\/2024\/10\/TEC-DES-SOFWARE.jpeg 1600w\" sizes=\"(max-width: 1000px) 100vw, 1000px\" \/><img decoding=\"async\" loading=\"lazy\" class=\"size-medium wp-image-1710 aligncenter\" src=\"https:\/\/iestv-tuc.infd.edu.ar\/sitio\/wp-content\/uploads\/2024\/10\/TEC-SUP-GEST-AMB-1000x707.jpeg\" alt=\"\" width=\"1000\" height=\"707\" srcset=\"https:\/\/iestv-tuc.infd.edu.ar\/sitio\/wp-content\/uploads\/2024\/10\/TEC-SUP-GEST-AMB-1000x707.jpeg 1000w, https:\/\/iestv-tuc.infd.edu.ar\/sitio\/wp-content\/uploads\/2024\/10\/TEC-SUP-GEST-AMB-768x543.jpeg 768w, https:\/\/iestv-tuc.infd.edu.ar\/sitio\/wp-content\/uploads\/2024\/10\/TEC-SUP-GEST-AMB-1536x1086.jpeg 1536w, https:\/\/iestv-tuc.infd.edu.ar\/sitio\/wp-content\/uploads\/2024\/10\/TEC-SUP-GEST-AMB.jpeg 1600w\" sizes=\"(max-width: 1000px) 100vw, 1000px\" \/><img decoding=\"async\" loading=\"lazy\" class=\"size-medium wp-image-1711 aligncenter\" src=\"https:\/\/iestv-tuc.infd.edu.ar\/sitio\/wp-content\/uploads\/2024\/10\/PLAN-DE-ESTUDIO-TGA-1000x707.jpeg\" alt=\"\" width=\"1000\" height=\"707\" srcset=\"https:\/\/iestv-tuc.infd.edu.ar\/sitio\/wp-content\/uploads\/2024\/10\/PLAN-DE-ESTUDIO-TGA-1000x707.jpeg 1000w, https:\/\/iestv-tuc.infd.edu.ar\/sitio\/wp-content\/uploads\/2024\/10\/PLAN-DE-ESTUDIO-TGA-768x543.jpeg 768w, https:\/\/iestv-tuc.infd.edu.ar\/sitio\/wp-content\/uploads\/2024\/10\/PLAN-DE-ESTUDIO-TGA-1536x1086.jpeg 1536w, https:\/\/iestv-tuc.infd.edu.ar\/sitio\/wp-content\/uploads\/2024\/10\/PLAN-DE-ESTUDIO-TGA.jpeg 1600w\" sizes=\"(max-width: 1000px) 100vw, 1000px\" \/><\/p>\n<table id=\"table1\" class=\"aligncenter\" style=\"width: 100%; border-collapse: collapse; @media (max-width: 600px) {        #table1 {            display: block; white-space: nowrap;\" border=\"1\" cellspacing=\"0\" cellpadding=\"10\" align=\"center\"><\/table>\n","protected":false},"excerpt":{"rendered":"<p>Instituto de Ense\u00f1anza Superior \u00abTAFI VIEJO\u00bb \u2013 Tucum\u00e1n El Instituto de Ense\u00f1anza Superior \u00abTaf\u00ed Viejo\u00bb, fundado el 3 de Mayo de 1991, a partir del a\u00f1o 1994 se inserta en el proceso de transformaci\u00f3n educativa propuesto por el Ministerio de Educaci\u00f3n de la Naci\u00f3n aceptando los nuevos desaf\u00edos. Hoy, nuestro instituto de cara al siglo &#8230; <a title=\"Inicio\" class=\"read-more\" href=\"https:\/\/iestv-tuc.infd.edu.ar\/sitio\/\" aria-label=\"More on Inicio\">[+]<\/a><\/p>\n","protected":false},"author":1,"featured_media":0,"parent":0,"menu_order":0,"comment_status":"closed","ping_status":"closed","template":"","meta":[],"acf":[],"_links":{"self":[{"href":"https:\/\/iestv-tuc.infd.edu.ar\/sitio\/wp-json\/wp\/v2\/pages\/286"}],"collection":[{"href":"https:\/\/iestv-tuc.infd.edu.ar\/sitio\/wp-json\/wp\/v2\/pages"}],"about":[{"href":"https:\/\/iestv-tuc.infd.edu.ar\/sitio\/wp-json\/wp\/v2\/types\/page"}],"author":[{"embeddable":true,"href":"https:\/\/iestv-tuc.infd.edu.ar\/sitio\/wp-json\/wp\/v2\/users\/1"}],"replies":[{"embeddable":true,"href":"https:\/\/iestv-tuc.infd.edu.ar\/sitio\/wp-json\/wp\/v2\/comments?post=286"}],"version-history":[{"count":317,"href":"https:\/\/iestv-tuc.infd.edu.ar\/sitio\/wp-json\/wp\/v2\/pages\/286\/revisions"}],"predecessor-version":[{"id":2235,"href":"https:\/\/iestv-tuc.infd.edu.ar\/sitio\/wp-json\/wp\/v2\/pages\/286\/revisions\/2235"}],"wp:attachment":[{"href":"https:\/\/iestv-tuc.infd.edu.ar\/sitio\/wp-json\/wp\/v2\/media?parent=286"}],"curies":[{"name":"wp","href":"https:\/\/api.w.org\/{rel}","templated":true}]}}