{"id":1484,"date":"2022-10-28T20:09:28","date_gmt":"2022-10-28T23:09:28","guid":{"rendered":"https:\/\/iestv-tuc.infd.edu.ar\/sitio\/?page_id=1484"},"modified":"2025-11-05T20:18:46","modified_gmt":"2025-11-05T23:18:46","slug":"examenes-finales-noviembre-2022","status":"publish","type":"page","link":"https:\/\/iestv-tuc.infd.edu.ar\/sitio\/examenes-finales-noviembre-2022\/","title":{"rendered":"LLAMADO Ex\u00e1menes Finales TSGA NOVIEMBRE 2025"},"content":{"rendered":"\n<h2 class=\"wp-block-heading has-text-align-center\">TECNICATURA SUPERIOR EN GESTI\u00d3N AMBIENTAL<\/h2>\n\n\n\n<h2 class=\"wp-block-heading has-text-align-center\">TURNOS DE EX\u00c1MENES FINALES NOVIEMBRE 2025<\/h2>\n\n\n\n<figure class=\"wp-block-image size-full is-resized\"><img decoding=\"async\" loading=\"lazy\" src=\"https:\/\/iestv-tuc.infd.edu.ar\/sitio\/wp-content\/uploads\/2025\/07\/TGA-JULIO-AGO-2025-1.png\" alt=\"\" class=\"wp-image-2025\" width=\"1020\" height=\"1205\"\/><\/figure>\n\n\n\n<p> <\/p>\n\n\n\n<h1 class=\"wp-block-heading\"><strong>FORMULARIO DE&nbsp;<\/strong>INSCRIPCI\u00d3N JULIO-AGO 2025:<img decoding=\"async\" loading=\"lazy\" width=\"37\" height=\"37\" src=\"https:\/\/iestv-tuc.infd.edu.ar\/sitio\/wp-content\/uploads\/2020\/11\/MANO.png\" alt=\"\">&nbsp;<a href=\"https:\/\/forms.gle\/Uxc2r1D8WLHSh65j9\">(clic ac\u00e1)<\/a><\/h1>\n\n\n\n<h4 class=\"wp-block-heading\">IMPORTANTE!!! Recuerda que en caso de decidir no rendir la materia debes darte de baja 48 hs antes de la fecha fijada, avisando al preceptor para evitar una mesa castigo en el pr\u00f3ximo Turno de Examen.<\/h4>\n","protected":false},"excerpt":{"rendered":"<p>TECNICATURA SUPERIOR EN GESTI\u00d3N AMBIENTAL TURNOS DE EX\u00c1MENES FINALES NOVIEMBRE 2025 FORMULARIO DE&nbsp;INSCRIPCI\u00d3N JULIO-AGO 2025:&nbsp;(clic ac\u00e1) IMPORTANTE!!! Recuerda que en caso de decidir no rendir la materia debes darte de baja 48 hs antes de la fecha fijada, avisando al preceptor para evitar una mesa castigo en el pr\u00f3ximo Turno de Examen.<\/p>\n","protected":false},"author":34,"featured_media":0,"parent":0,"menu_order":0,"comment_status":"closed","ping_status":"closed","template":"","meta":[],"acf":[],"_links":{"self":[{"href":"https:\/\/iestv-tuc.infd.edu.ar\/sitio\/wp-json\/wp\/v2\/pages\/1484"}],"collection":[{"href":"https:\/\/iestv-tuc.infd.edu.ar\/sitio\/wp-json\/wp\/v2\/pages"}],"about":[{"href":"https:\/\/iestv-tuc.infd.edu.ar\/sitio\/wp-json\/wp\/v2\/types\/page"}],"author":[{"embeddable":true,"href":"https:\/\/iestv-tuc.infd.edu.ar\/sitio\/wp-json\/wp\/v2\/users\/34"}],"replies":[{"embeddable":true,"href":"https:\/\/iestv-tuc.infd.edu.ar\/sitio\/wp-json\/wp\/v2\/comments?post=1484"}],"version-history":[{"count":25,"href":"https:\/\/iestv-tuc.infd.edu.ar\/sitio\/wp-json\/wp\/v2\/pages\/1484\/revisions"}],"predecessor-version":[{"id":2245,"href":"https:\/\/iestv-tuc.infd.edu.ar\/sitio\/wp-json\/wp\/v2\/pages\/1484\/revisions\/2245"}],"wp:attachment":[{"href":"https:\/\/iestv-tuc.infd.edu.ar\/sitio\/wp-json\/wp\/v2\/media?parent=1484"}],"curies":[{"name":"wp","href":"https:\/\/api.w.org\/{rel}","templated":true}]}}