{"id":1359,"date":"2022-04-14T19:02:40","date_gmt":"2022-04-14T22:02:40","guid":{"rendered":"https:\/\/iestv-tuc.infd.edu.ar\/sitio\/?page_id=1359"},"modified":"2025-06-27T20:30:22","modified_gmt":"2025-06-27T23:30:22","slug":"tecnicatura-superior-en-gestion-ambiental","status":"publish","type":"page","link":"https:\/\/iestv-tuc.infd.edu.ar\/sitio\/tecnicatura-superior-en-gestion-ambiental\/","title":{"rendered":"Tecnicatura Superior en Gesti\u00f3n Ambiental"},"content":{"rendered":"\n<p>Tecnicatura Superior en Gesti\u00f3n Ambiental aprobada por Resoluci\u00f3n Ministerial N\u00b0 609\/5 (Med) y autorizada a implementarse en el instituto mediante Resoluci\u00f3n Ministerial N\u00b0 405\/5 (Med) a partir del 12 de abril del a\u00f1o<\/p>\n\n\n\n<figure class=\"wp-block-image size-large\"><img decoding=\"async\" loading=\"lazy\" width=\"1900\" height=\"1069\" src=\"https:\/\/iestv-tuc.infd.edu.ar\/sitio\/wp-content\/uploads\/2025\/06\/gestion_ambi-1-1900x1069.jpg\" alt=\"\" class=\"wp-image-1921\" srcset=\"https:\/\/iestv-tuc.infd.edu.ar\/sitio\/wp-content\/uploads\/2025\/06\/gestion_ambi-1-1900x1069.jpg 1900w, https:\/\/iestv-tuc.infd.edu.ar\/sitio\/wp-content\/uploads\/2025\/06\/gestion_ambi-1-1000x563.jpg 1000w, https:\/\/iestv-tuc.infd.edu.ar\/sitio\/wp-content\/uploads\/2025\/06\/gestion_ambi-1-768x432.jpg 768w, https:\/\/iestv-tuc.infd.edu.ar\/sitio\/wp-content\/uploads\/2025\/06\/gestion_ambi-1-1536x864.jpg 1536w, https:\/\/iestv-tuc.infd.edu.ar\/sitio\/wp-content\/uploads\/2025\/06\/gestion_ambi-1.jpg 1920w\" sizes=\"(max-width: 1900px) 100vw, 1900px\" \/><\/figure>\n\n\n\n<p><\/p>\n\n\n\n<hr class=\"wp-block-separator has-alpha-channel-opacity\"\/>\n\n\n\n<p><\/p>\n\n\n\n<h2 class=\"wp-block-heading\">Plan de Estudio<\/h2>\n\n\n\n<style>\n  .tabla-primer-anio {\n    width: 100%;\n    border-collapse: collapse;\n    font-size: 14px;\n    table-layout: fixed;\n    margin: 0;\n  }\n\n  .tabla-primer-anio th,\n  .tabla-primer-anio td {\n    border: 1px solid #ccc;\n    padding: 4px 2px;\n    text-align: center;\n    word-wrap: break-word;\n    font-size: 12px;\n  }\n\n  .tabla-primer-anio th:nth-child(1),\n  .tabla-primer-anio td:nth-child(1) {\n    width: 2.5ch;\n  }\n\n  .tabla-primer-anio th:nth-child(2),\n  .tabla-primer-anio td:nth-child(2) {\n    width: auto;\n    font-size: 11px;\n  }\n\n  .tabla-primer-anio thead {\n    background-color: #e0f7fa;\n  }\n\n  .tabla-primer-anio tfoot {\n    background-color: #f1f8e9;\n    font-weight: bold;\n  }\n\n  @media (max-width: 480px) {\n    .tabla-primer-anio {\n      font-size: 8px;\n    }\n\n    .tabla-primer-anio th,\n    .tabla-primer-anio td {\n      padding: 0.5px;\n      font-size: 8px;\n    }\n\n    .tabla-primer-anio th:nth-child(2),\n    .tabla-primer-anio td:nth-child(2) {\n      font-size: 9px;\n      width: calc(100% * 0.22);\n    }\n  }\n<\/style>\n\n\n<table class=\"tabla-primer-anio\">\n  <thead>\n    <tr>\n      <th>N\u00b0<\/th>\n      <th>Unidades Curriculares<\/th>\n      <th>Horas Totales<\/th>\n      <th>Horas Te\u00f3ricas<\/th>\n      <th>Horas Pr\u00e1cticas<\/th>\n      <th>Espacios<\/th>\n      <th>Inst. Aula<\/th>\n      <th>Inst. Lab.<\/th>\n      <th>Comunitario<\/th>\n    <\/tr>\n  <\/thead>\n  <tbody>\n    <tr><td>1<\/td><td>Matem\u00e1tica<\/td><td>3<\/td><td>1<\/td><td>2<\/td><td>&#8211;<\/td><td>2<\/td><td>&#8211;<\/td><td>&#8211;<\/td><\/tr>\n    <tr><td>2<\/td><td>Biolog\u00eda<\/td><td>2<\/td><td>1<\/td><td>1<\/td><td>&#8211;<\/td><td>&#8211;<\/td><td>1<\/td><td>&#8211;<\/td><\/tr>\n    <tr><td>3<\/td><td>F\u00edsica<\/td><td>2<\/td><td>1<\/td><td>1<\/td><td>&#8211;<\/td><td>&#8211;<\/td><td>1<\/td><td>&#8211;<\/td><\/tr>\n    <tr><td>4<\/td><td>Ambiente y Sociedad<\/td><td>2<\/td><td>1<\/td><td>1<\/td><td>&#8211;<\/td><td>1<\/td><td>&#8211;<\/td><td>&#8211;<\/td><\/tr>\n    <tr><td>5<\/td><td>Estad\u00edstica Aplicada<\/td><td>2<\/td><td>1<\/td><td>1<\/td><td>&#8211;<\/td><td>1<\/td><td>&#8211;<\/td><td>&#8211;<\/td><\/tr>\n    <tr><td>6<\/td><td>Tecnolog\u00edas de la Informaci\u00f3n y la Comunicaci\u00f3n<\/td><td>3<\/td><td>1<\/td><td>2<\/td><td>2<\/td><td>&#8211;<\/td><td>&#8211;<\/td><td>&#8211;<\/td><\/tr>\n    <tr><td>7<\/td><td>Qu\u00edmica General e Inorg\u00e1nica<\/td><td>3<\/td><td>1<\/td><td>2<\/td><td>&#8211;<\/td><td>2<\/td><td>&#8211;<\/td><td>&#8211;<\/td><\/tr>\n    <tr><td>8<\/td><td>Ingl\u00e9s<\/td><td>3<\/td><td>2<\/td><td>1<\/td><td>&#8211;<\/td><td>1<\/td><td>&#8211;<\/td><td>&#8211;<\/td><\/tr>\n    <tr><td>9<\/td><td>Ecolog\u00eda<\/td><td>2<\/td><td>1<\/td><td>1<\/td><td>&#8211;<\/td><td>1<\/td><td>&#8211;<\/td><td>&#8211;<\/td><\/tr>\n    <tr><td>10<\/td><td>Eficiencia Energ\u00e9tica y Desarrollo<\/td><td>2<\/td><td>1<\/td><td>1<\/td><td>&#8211;<\/td><td>1<\/td><td>&#8211;<\/td><td>&#8211;<\/td><\/tr>\n    <tr><td>11<\/td><td>Pr\u00e1cticas Profesionalizantes I<\/td><td>6<\/td><td>&#8211;<\/td><td>6<\/td><td>&#8211;<\/td><td>&#8211;<\/td><td>&#8211;<\/td><td>6<\/td><\/tr>\n  <\/tbody>\n  <tfoot>\n    <tr>\n      <td colspan=\"2\">TOTAL PRIMER A\u00d1O<\/td>\n      <td>33<\/td><td>11<\/td><td>22<\/td><td>2<\/td><td>9<\/td><td>2<\/td><td>6<\/td>\n    <\/tr>\n  <\/tfoot>\n<\/table>\n\n\n\n\n<p><\/p>\n\n\n\n<style>\n  .tabla-segundo-anio {\n    width: 100%;\n    border-collapse: collapse;\n    font-size: 14px;\n    table-layout: fixed;\n    margin: 0;\n  }\n\n  .tabla-segundo-anio th,\n  .tabla-segundo-anio td {\n    border: 1px solid #ccc;\n    padding: 4px 2px;\n    text-align: center;\n    word-wrap: break-word;\n    font-size: 12px;\n  }\n\n  .tabla-segundo-anio th:nth-child(1),\n  .tabla-segundo-anio td:nth-child(1) {\n    width: 2.5ch;\n  }\n\n  .tabla-segundo-anio th:nth-child(2),\n  .tabla-segundo-anio td:nth-child(2) {\n    width: auto;\n    font-size: 11px;\n  }\n\n  .tabla-segundo-anio thead {\n    background-color: #e0f7fa;\n  }\n\n  .tabla-segundo-anio tfoot {\n    background-color: #f1f8e9;\n    font-weight: bold;\n  }\n\n  @media (max-width: 480px) {\n    .tabla-segundo-anio {\n      font-size: 8px;\n    }\n\n    .tabla-segundo-anio th,\n    .tabla-segundo-anio td {\n      padding: 0.5px;\n      font-size: 8px;\n    }\n\n    .tabla-segundo-anio th:nth-child(2),\n    .tabla-segundo-anio td:nth-child(2) {\n      font-size: 9px;\n      width: calc(100% * 0.22);\n    }\n  }\n<\/style>\n\n\n<table class=\"tabla-segundo-anio\">\n  <thead>\n    <tr>\n      <th>N\u00b0<\/th>\n      <th>Unidades Curriculares<\/th>\n      <th>Horas Totales<\/th>\n      <th>Horas Te\u00f3ricas<\/th>\n      <th>Horas Pr\u00e1cticas<\/th>\n      <th>Espacios<\/th>\n      <th>Inst. Aula<\/th>\n      <th>Inst. Lab.<\/th>\n      <th>Comunitario<\/th>\n    <\/tr>\n  <\/thead>\n  <tbody>\n    <tr><td>1<\/td><td>Sociolog\u00eda de las Organizaciones<\/td><td>2<\/td><td>1<\/td><td>1<\/td><td>&#8211;<\/td><td>1<\/td><td>&#8211;<\/td><td>&#8211;<\/td><\/tr>\n    <tr><td>2<\/td><td>Qu\u00edmica Org\u00e1nica y Biolog\u00eda<\/td><td>4<\/td><td>2<\/td><td>2<\/td><td>&#8211;<\/td><td>&#8211;<\/td><td>2<\/td><td>&#8211;<\/td><\/tr>\n    <tr><td>3<\/td><td>Geolog\u00eda e Hidrolog\u00eda<\/td><td>2<\/td><td>1<\/td><td>1<\/td><td>&#8211;<\/td><td>1<\/td><td>&#8211;<\/td><td>&#8211;<\/td><\/tr>\n    <tr><td>4<\/td><td>Ecolog\u00eda Urbana y Rural<\/td><td>3<\/td><td>2<\/td><td>1<\/td><td>&#8211;<\/td><td>1<\/td><td>&#8211;<\/td><td>&#8211;<\/td><\/tr>\n    <tr><td>5<\/td><td>Derecho Ambiental<\/td><td>3<\/td><td>2<\/td><td>1<\/td><td>&#8211;<\/td><td>1<\/td><td>&#8211;<\/td><td>&#8211;<\/td><\/tr>\n    <tr><td>6<\/td><td>Metodolog\u00eda de la Investigaci\u00f3n Cient\u00edfica<\/td><td>2<\/td><td>1<\/td><td>1<\/td><td>&#8211;<\/td><td>1<\/td><td>&#8211;<\/td><td>&#8211;<\/td><\/tr>\n    <tr><td>7<\/td><td>Climatolog\u00eda<\/td><td>2<\/td><td>1<\/td><td>1<\/td><td>&#8211;<\/td><td>1<\/td><td>&#8211;<\/td><td>&#8211;<\/td><\/tr>\n    <tr><td>8<\/td><td>Qu\u00edmica Ambiental<\/td><td>3<\/td><td>1<\/td><td>2<\/td><td>&#8211;<\/td><td>&#8211;<\/td><td>2<\/td><td>&#8211;<\/td><\/tr>\n    <tr><td>9<\/td><td>Sistemas de Gesti\u00f3n Ambiental<\/td><td>3<\/td><td>2<\/td><td>1<\/td><td>1<\/td><td>&#8211;<\/td><td>&#8211;<\/td><td>&#8211;<\/td><\/tr>\n    <tr><td>10<\/td><td>Pr\u00e1cticas Profesionalizantes II<\/td><td>6<\/td><td>&#8211;<\/td><td>6<\/td><td>&#8211;<\/td><td>&#8211;<\/td><td>&#8211;<\/td><td>6<\/td><\/tr>\n  <\/tbody>\n  <tfoot>\n    <tr>\n      <td colspan=\"2\">TOTAL SEGUNDO A\u00d1O<\/td>\n      <td>30<\/td><td>13<\/td><td>17<\/td><td>1<\/td><td>7<\/td><td>6<\/td><td>6<\/td>\n    <\/tr>\n  <\/tfoot>\n<\/table>\n\n\n\n<p><\/p>\n\n\n\n<style>\n  .tabla-tercer-anio {\n    width: 100%;\n    border-collapse: collapse;\n    font-size: 14px;\n    table-layout: fixed;\n    margin: 0;\n  }\n\n  .tabla-tercer-anio th,\n  .tabla-tercer-anio td {\n    border: 1px solid #ccc;\n    padding: 4px 2px;\n    text-align: center;\n    word-wrap: break-word;\n    font-size: 12px;\n  }\n\n  .tabla-tercer-anio th:nth-child(1),\n  .tabla-tercer-anio td:nth-child(1) {\n    width: 2.5ch;\n  }\n\n  .tabla-tercer-anio th:nth-child(2),\n  .tabla-tercer-anio td:nth-child(2) {\n    width: auto;\n    font-size: 11px;\n  }\n\n  .tabla-tercer-anio thead {\n    background-color: #e0f7fa;\n  }\n\n  .tabla-tercer-anio tfoot {\n    background-color: #f1f8e9;\n    font-weight: bold;\n  }\n\n  @media (max-width: 480px) {\n    .tabla-tercer-anio {\n      font-size: 8px;\n    }\n\n    .tabla-tercer-anio th,\n    .tabla-tercer-anio td {\n      padding: 0.5px;\n      font-size: 8px;\n    }\n\n    .tabla-tercer-anio th:nth-child(2),\n    .tabla-tercer-anio td:nth-child(2) {\n      font-size: 9px;\n      width: calc(100% * 0.22);\n    }\n  }\n<\/style>\n\n\n<table class=\"tabla-tercer-anio\">\n  <thead>\n    <tr>\n      <th>N\u00b0<\/th>\n      <th>Unidades Curriculares<\/th>\n      <th>Horas Totales<\/th>\n      <th>Horas Te\u00f3ricas<\/th>\n      <th>Horas Pr\u00e1cticas<\/th>\n      <th>Espacios<\/th>\n      <th>Inst. Aula<\/th>\n      <th>Inst. Lab.<\/th>\n      <th>Comunitario<\/th>\n    <\/tr>\n  <\/thead>\n  <tbody>\n    <tr><td>1<\/td><td>Ordenamiento Territorial<\/td><td>2<\/td><td>1<\/td><td>1<\/td><td>&#8211;<\/td><td>1<\/td><td>&#8211;<\/td><td>&#8211;<\/td><\/tr>\n    <tr><td>2<\/td><td>Gesti\u00f3n y Administraci\u00f3n Ambiental<\/td><td>3<\/td><td>1<\/td><td>2<\/td><td>&#8211;<\/td><td>2<\/td><td>&#8211;<\/td><td>&#8211;<\/td><\/tr>\n    <tr><td>3<\/td><td>Seguridad y Salud Laboral<\/td><td>3<\/td><td>2<\/td><td>1<\/td><td>&#8211;<\/td><td>1<\/td><td>&#8211;<\/td><td>&#8211;<\/td><\/tr>\n    <tr><td>4<\/td><td>Seguridad Ambiental<\/td><td>3<\/td><td>2<\/td><td>1<\/td><td>&#8211;<\/td><td>1<\/td><td>&#8211;<\/td><td>&#8211;<\/td><\/tr>\n    <tr><td>5<\/td><td>Educaci\u00f3n y Comunicaci\u00f3n Ambiental<\/td><td>2<\/td><td>1<\/td><td>1<\/td><td>&#8211;<\/td><td>1<\/td><td>&#8211;<\/td><td>&#8211;<\/td><\/tr>\n    <tr><td>6<\/td><td>Econom\u00eda Ambiental<\/td><td>2<\/td><td>1<\/td><td>1<\/td><td>&#8211;<\/td><td>1<\/td><td>&#8211;<\/td><td>&#8211;<\/td><\/tr>\n    <tr><td>7<\/td><td>\u00c9tica y Deontolog\u00eda Profesional<\/td><td>3<\/td><td>2<\/td><td>1<\/td><td>&#8211;<\/td><td>1<\/td><td>&#8211;<\/td><td>&#8211;<\/td><\/tr>\n    <tr><td>8<\/td><td>Toxicolog\u00eda Ambiental<\/td><td>3<\/td><td>2<\/td><td>1<\/td><td>&#8211;<\/td><td>&#8211;<\/td><td>1<\/td><td>&#8211;<\/td><\/tr>\n    <tr><td>9<\/td><td>Estudio y Evaluaci\u00f3n Ambiental<\/td><td>3<\/td><td>1<\/td><td>2<\/td><td>&#8211;<\/td><td>1<\/td><td>1<\/td><td>&#8211;<\/td><\/tr>\n    <tr><td>10<\/td><td>Pr\u00e1cticas Profesionalizantes III<\/td><td>6<\/td><td>&#8211;<\/td><td>6<\/td><td>&#8211;<\/td><td>&#8211;<\/td><td>&#8211;<\/td><td>6<\/td><\/tr>\n  <\/tbody>\n  <tfoot>\n    <tr>\n      <td colspan=\"2\">TOTAL TERCER A\u00d1O<\/td>\n      <td>30<\/td><td>13<\/td><td>17<\/td><td>0<\/td><td>9<\/td><td>2<\/td><td>6<\/td>\n    <\/tr>\n  <\/tfoot>\n<\/table>\n\n\n\n\n<p><\/p>\n\n\n\n<hr class=\"wp-block-separator has-alpha-channel-opacity\"\/>\n\n\n\n<h3 class=\"wp-block-heading\">HORARIOS DE CLASES PERIODO LECTIVO 2025<\/h3>\n\n\n\n<h5 class=\"wp-block-heading\">TECNICATURA SUPERIOR EN GESTION AMBIENTAL<\/h5>\n\n\n\n<style>\n  .horario-primer-anio {\n    width: 100%;\n    border-collapse: collapse;\n    font-size: 13px;\n    table-layout: fixed;\n  }\n\n  .horario-primer-anio th,\n  .horario-primer-anio td {\n    border: 1px solid #ccc;\n    padding: 4px;\n    text-align: center;\n    word-wrap: break-word;\n  }\n\n  .horario-primer-anio thead {\n    background-color: #e0f7fa;\n  }\n\n  @media (max-width: 480px) {\n    .horario-primer-anio {\n      font-size: 8px;\n    }\n\n    .horario-primer-anio th,\n    .horario-primer-anio td {\n      padding: 0px;\n    }\n  }\n<\/style>\n\n<table class=\"horario-primer-anio\">\n  <thead>\n    <tr>\n      <th>Horario<\/th>\n      <th>Lunes<\/th>\n      <th>Martes<\/th>\n      <th>Mi\u00e9rcoles<\/th>\n      <th>Jueves<\/th>\n      <th>Viernes<\/th>\n    <\/tr>\n  <\/thead>\n  <tbody>\n    <tr><td>18:20 \u2013 19:00<\/td><td>Matem\u00e1tica<\/td><td>Ingl\u00e9s<\/td><td>Pr\u00e1cticas Prof. I<\/td><td>Qu\u00edmica Gral. e Inorg.<\/td><td>Pr\u00e1cticas Prof. I<\/td><\/tr>\n    <tr><td>19:00 \u2013 19:40<\/td><td>Matem\u00e1tica<\/td><td>Ingl\u00e9s<\/td><td>Pr\u00e1cticas Prof. I<\/td><td>Qu\u00edmica Gral. e Inorg.<\/td><td>Pr\u00e1cticas Prof. I<\/td><\/tr>\n    <tr><td>19:40 \u2013 20:20<\/td><td>Matem\u00e1tica<\/td><td>Ingl\u00e9s<\/td><td>Pr\u00e1cticas Prof. I<\/td><td>Qu\u00edmica Gral. e Inorg.<\/td><td>Pr\u00e1cticas Prof. I<\/td><\/tr>\n    <tr><td colspan=\"6\" style=\"background:#f5f5f5; font-weight:bold;\">RECREO \u2013 20:20 a 20:30<\/td><\/tr>\n    <tr><td>20:30 \u2013 21:10<\/td><td>Biolog\u00eda<\/td><td>Ambiente y Sociedad<\/td><td>Ecolog\u00eda<\/td><td>TIC<\/td><td>Eficiencia Energ\u00e9tica y Desarrollo<\/td><\/tr>\n    <tr><td>21:10 \u2013 21:50<\/td><td>Biolog\u00eda<\/td><td>Ambiente y Sociedad<\/td><td>Ecolog\u00eda<\/td><td>TIC<\/td><td>Eficiencia Energ\u00e9tica y Desarrollo<\/td><\/tr>\n    <tr><td>21:50 \u2013 22:30<\/td><td>F\u00edsica<\/td><td>\u2014<\/td><td>Estad\u00edstica Aplicada<\/td><td>TIC<\/td><td>\u2014<\/td><\/tr>\n    <tr><td>22:30 \u2013 23:10<\/td><td>F\u00edsica<\/td><td>\u2014<\/td><td>Estad\u00edstica Aplicada<\/td><td>\u2014<\/td><td>\u2014<\/td><\/tr>\n  <\/tbody>\n<\/table>\n\n\n\n\n<p style=\"font-size:34px\"><\/p>\n\n\n\n<p><\/p>\n\n\n\n<p><\/p>\n","protected":false},"excerpt":{"rendered":"<p>Tecnicatura Superior en Gesti\u00f3n Ambiental aprobada por Resoluci\u00f3n Ministerial N\u00b0 609\/5 (Med) y autorizada a implementarse en el instituto mediante Resoluci\u00f3n Ministerial N\u00b0 405\/5 (Med) a partir del 12 de abril del a\u00f1o Plan de Estudio N\u00b0 Unidades Curriculares Horas Totales Horas Te\u00f3ricas Horas Pr\u00e1cticas Espacios Inst. Aula Inst. Lab. Comunitario 1 Matem\u00e1tica 3 1 &#8230; <a title=\"Tecnicatura Superior en Gesti\u00f3n Ambiental\" class=\"read-more\" href=\"https:\/\/iestv-tuc.infd.edu.ar\/sitio\/tecnicatura-superior-en-gestion-ambiental\/\" aria-label=\"More on Tecnicatura Superior en Gesti\u00f3n Ambiental\">[+]<\/a><\/p>\n","protected":false},"author":34,"featured_media":0,"parent":0,"menu_order":0,"comment_status":"closed","ping_status":"closed","template":"","meta":[],"acf":[],"_links":{"self":[{"href":"https:\/\/iestv-tuc.infd.edu.ar\/sitio\/wp-json\/wp\/v2\/pages\/1359"}],"collection":[{"href":"https:\/\/iestv-tuc.infd.edu.ar\/sitio\/wp-json\/wp\/v2\/pages"}],"about":[{"href":"https:\/\/iestv-tuc.infd.edu.ar\/sitio\/wp-json\/wp\/v2\/types\/page"}],"author":[{"embeddable":true,"href":"https:\/\/iestv-tuc.infd.edu.ar\/sitio\/wp-json\/wp\/v2\/users\/34"}],"replies":[{"embeddable":true,"href":"https:\/\/iestv-tuc.infd.edu.ar\/sitio\/wp-json\/wp\/v2\/comments?post=1359"}],"version-history":[{"count":22,"href":"https:\/\/iestv-tuc.infd.edu.ar\/sitio\/wp-json\/wp\/v2\/pages\/1359\/revisions"}],"predecessor-version":[{"id":1942,"href":"https:\/\/iestv-tuc.infd.edu.ar\/sitio\/wp-json\/wp\/v2\/pages\/1359\/revisions\/1942"}],"wp:attachment":[{"href":"https:\/\/iestv-tuc.infd.edu.ar\/sitio\/wp-json\/wp\/v2\/media?parent=1359"}],"curies":[{"name":"wp","href":"https:\/\/api.w.org\/{rel}","templated":true}]}}