{"id":1046,"date":"2020-11-27T17:17:21","date_gmt":"2020-11-27T20:17:21","guid":{"rendered":"https:\/\/iestv-tuc.infd.edu.ar\/sitio\/?page_id=1046"},"modified":"2026-02-26T21:14:32","modified_gmt":"2026-02-27T00:14:32","slug":"examenes","status":"publish","type":"page","link":"https:\/\/iestv-tuc.infd.edu.ar\/sitio\/examenes\/","title":{"rendered":"EX\u00c1MENES MARZO 2026"},"content":{"rendered":"<h2>IMPORTANTE (LEER)<\/h2>\n<h2>Inscripciones a los ex\u00e1menes del <em><strong>TURNO DE MARZO.<br \/>\n<\/strong><\/em><\/h2>\n<h5><img decoding=\"async\" src=\"blob:https:\/\/web.whatsapp.com\/cef7efc1-da2a-4c59-9838-6a0694f5ba9b\" \/><img decoding=\"async\" loading=\"lazy\" class=\"alignnone size-medium wp-image-2250\" src=\"https:\/\/iestv-tuc.infd.edu.ar\/sitio\/wp-content\/uploads\/2026\/02\/Screenshot_20260205_203825_Canva-993x1000.jpg\" alt=\"\" width=\"993\" height=\"1000\" srcset=\"https:\/\/iestv-tuc.infd.edu.ar\/sitio\/wp-content\/uploads\/2026\/02\/Screenshot_20260205_203825_Canva-993x1000.jpg 993w, https:\/\/iestv-tuc.infd.edu.ar\/sitio\/wp-content\/uploads\/2026\/02\/Screenshot_20260205_203825_Canva-768x774.jpg 768w, https:\/\/iestv-tuc.infd.edu.ar\/sitio\/wp-content\/uploads\/2026\/02\/Screenshot_20260205_203825_Canva.jpg 1080w\" sizes=\"(max-width: 993px) 100vw, 993px\" \/><\/h5>\n<h3>INSCRIPCI\u00d3N EXAMEN PROF. DE EDUCACI\u00d3N PRIMARIA <a href=\"https:\/\/docs.google.com\/forms\/d\/1wHSk8QussVpoPaBtnJl7sUyuUQTFi32xkoWPxLEI440\/edit?usp=drive_web\">CLIC AC\u00c1<\/a><\/h3>\n<h3><span style=\"color: #ff99cc;\">INSCRIPCI\u00d3N EXAMEN PROF. DE EDUCACI\u00d3N<\/span> <span style=\"color: #ff99cc;\">INICIAL<\/span> <a href=\"https:\/\/docs.google.com\/forms\/d\/1n6-Chmm0RFSBahYwkF38Z5ld3ojKYrX-KEp_bQRgTu8\/edit?usp=drive_web\">CLIC AC\u00c1<\/a><\/h3>\n<h3><span style=\"color: #0000ff;\">INSCRIPCI\u00d3N<\/span> <span style=\"color: #0000ff;\">EXAMEN<\/span> <span style=\"color: #0000ff;\">PROF DE EDUCACI\u00d3N SEC EN FISICA<\/span> <a href=\"https:\/\/docs.google.com\/forms\/d\/14BdLraiaBMXcSkpBPTQmom98KdjelB1xR4_mWzbqrbw\/edit?usp=drive_web\">CLIC AC\u00c1<\/a><\/h3>\n<h3><span style=\"color: #ff99cc;\"><span style=\"color: #339966;\">TEC. SUPERIOR<\/span> <span style=\"color: #339966;\">EN GESTI\u00d3N AMBIENTAL<\/span> <a href=\"https:\/\/docs.google.com\/forms\/d\/1EWX7gi1DtKZGODAjchdOvH54AB9Yo2Lb0OjZRsINiyc\/edit?usp=drive_web\">CLIC ACA<\/a><\/span><\/h3>\n","protected":false},"excerpt":{"rendered":"<p>IMPORTANTE (LEER) Inscripciones a los ex\u00e1menes del TURNO DE MARZO. INSCRIPCI\u00d3N EXAMEN PROF. DE EDUCACI\u00d3N PRIMARIA CLIC AC\u00c1 INSCRIPCI\u00d3N EXAMEN PROF. DE EDUCACI\u00d3N INICIAL CLIC AC\u00c1 INSCRIPCI\u00d3N EXAMEN PROF DE EDUCACI\u00d3N SEC EN FISICA CLIC AC\u00c1 TEC. SUPERIOR EN GESTI\u00d3N AMBIENTAL CLIC ACA<\/p>\n","protected":false},"author":34,"featured_media":0,"parent":0,"menu_order":0,"comment_status":"closed","ping_status":"closed","template":"","meta":[],"acf":[],"_links":{"self":[{"href":"https:\/\/iestv-tuc.infd.edu.ar\/sitio\/wp-json\/wp\/v2\/pages\/1046"}],"collection":[{"href":"https:\/\/iestv-tuc.infd.edu.ar\/sitio\/wp-json\/wp\/v2\/pages"}],"about":[{"href":"https:\/\/iestv-tuc.infd.edu.ar\/sitio\/wp-json\/wp\/v2\/types\/page"}],"author":[{"embeddable":true,"href":"https:\/\/iestv-tuc.infd.edu.ar\/sitio\/wp-json\/wp\/v2\/users\/34"}],"replies":[{"embeddable":true,"href":"https:\/\/iestv-tuc.infd.edu.ar\/sitio\/wp-json\/wp\/v2\/comments?post=1046"}],"version-history":[{"count":67,"href":"https:\/\/iestv-tuc.infd.edu.ar\/sitio\/wp-json\/wp\/v2\/pages\/1046\/revisions"}],"predecessor-version":[{"id":2258,"href":"https:\/\/iestv-tuc.infd.edu.ar\/sitio\/wp-json\/wp\/v2\/pages\/1046\/revisions\/2258"}],"wp:attachment":[{"href":"https:\/\/iestv-tuc.infd.edu.ar\/sitio\/wp-json\/wp\/v2\/media?parent=1046"}],"curies":[{"name":"wp","href":"https:\/\/api.w.org\/{rel}","templated":true}]}}