{"id":1036,"date":"2020-11-08T17:18:16","date_gmt":"2020-11-08T20:18:16","guid":{"rendered":"https:\/\/iestv-tuc.infd.edu.ar\/sitio\/?page_id=1036"},"modified":"2026-03-13T19:49:01","modified_gmt":"2026-03-13T22:49:01","slug":"ingreso-2022","status":"publish","type":"page","link":"https:\/\/iestv-tuc.infd.edu.ar\/sitio\/ingreso-2022\/","title":{"rendered":"&#x1f4e2; INSCRIPCIONES CICLO LECTIVO 2026"},"content":{"rendered":"<hr \/>\n<h2 style=\"text-align: center;\"><span style=\"color: #ff0000;\"><strong>ATENCI\u00d3N INGRESANTES!!! MODIFICACI\u00d3N DEL INICIO DE CLASES.<\/strong><\/span><\/h2>\n<h2 style=\"text-align: center;\"><span style=\"color: #ff0000;\"><strong>LAS CLASES INICIAN EL 25 DE MARZO A HORAS 18:20. EL MISMO D\u00cdA DEBER\u00c1N PRESENTAR LA DOCUMENTACI\u00d3N OBLIGATORIA EN LA CARPETA CORRESPONDIENTE EN PRECEPTORIA.<\/strong><\/span><\/h2>\n<p>INGRESANTES DE LA TECNICATURA SUPERIOR EN DESARROLLO DE SOFTWARE DEBEN PRESENTARSE EN SEDE DE YERBA BUENA O LAS TALITAS SEGUN INSCRIPCI\u00d3N DE CURSADO.<\/p>\n<p>INGRESANTES DE LOS PROFESORADOS Y TECNICATURA SUPERIOR EN GESTI\u00d3N AMBIENTAL DEBEN ASISTIR A IES TAF\u00cd VIEJO &#8211; BELGRANO 351.<img decoding=\"async\" loading=\"lazy\" class=\"alignnone size-medium wp-image-2272\" src=\"https:\/\/iestv-tuc.infd.edu.ar\/sitio\/wp-content\/uploads\/2026\/03\/Screenshot_20260313_194057_Canva-989x1000.jpg\" alt=\"\" width=\"989\" height=\"1000\" srcset=\"https:\/\/iestv-tuc.infd.edu.ar\/sitio\/wp-content\/uploads\/2026\/03\/Screenshot_20260313_194057_Canva-989x1000.jpg 989w, https:\/\/iestv-tuc.infd.edu.ar\/sitio\/wp-content\/uploads\/2026\/03\/Screenshot_20260313_194057_Canva-768x777.jpg 768w, https:\/\/iestv-tuc.infd.edu.ar\/sitio\/wp-content\/uploads\/2026\/03\/Screenshot_20260313_194057_Canva.jpg 1080w\" sizes=\"(max-width: 989px) 100vw, 989px\" \/><\/p>\n<h5><\/h5>\n<h5 style=\"text-align: left;\">Las inscripciones de las carreras del IES se realizaran desde el 15 de Diciembre al 02 de Febrero de 2026. El proceso consta de dos etapas:<\/h5>\n<p style=\"padding-left: 40px;\">&#x1f4cc; <strong>Paso 1<\/strong>: Inscripci\u00f3n online (completa el formulario y sub\u00ed la documentaci\u00f3n obligatoria en formato digital). Se habilitar\u00e1 <strong>AQUI<\/strong>\u00a0 el formulario el d\u00eda 15 de Diciembre.<br \/>\n&#x1f4cc; <strong>Paso 2<\/strong>: Inicio de clases, se deber\u00e1 entregar toda la documentaci\u00f3n en formato f\u00edsico<\/p>\n<hr \/>\n<h5>&#x1f4c4; Requisitos obligatorios<\/h5>\n<p style=\"padding-left: 40px;\">&#x1faaa; DNI (copia)<br \/>\n&#x1f4f7; Foto carnet actual (2)<br \/>\n&#x1f37c; Acta de nacimiento actualizada<br \/>\n&#x1f9fe; Constancia de CUIL<br \/>\n&#x1f393; Copia de T\u00edtulo secundario o constancia de t\u00edtulo en tr\u00e1mite<\/p>\n<h5>&#x1f4c4; Requisitos complementaros para completar el legajo<\/h5>\n<p style=\"padding-left: 40px;\">&#x1fa7a; Psicof\u00edsico (SIPROSA, hospitales p\u00fablicos)<br \/>\n&#x2705; Certificado de buena conducta (Italia 2605, SMT)<\/p>\n<hr \/>\n<h5>&#x1f4c2; Color de carpeta seg\u00fan carrera<\/h5>\n<p style=\"padding-left: 40px;\">&#x1f7e8; Profesorado de Educaci\u00f3n Primaria (se entrega en sede Taf\u00ed Viejo, Belgrano 351)<br \/>\n&#x1f7e9; Profesorado de Educaci\u00f3n Inicial (se entrega en sede Taf\u00ed Viejo, Belgrano 351)<br \/>\n&#x1f7e6; Profesorado de Educaci\u00f3n Secundaria en F\u00edsica (se entrega en sede Taf\u00ed Viejo, Belgrano 351)<br \/>\n&#x1f7e7; Tecnicatura en Gesti\u00f3n Ambiental (se entrega en sede Taf\u00ed Viejo, Belgrano 351)<br \/>\n&#x1f7e8; Tecnicatura en Desarrollo de Software (se entrega en sede Yerba Buena Av. Per\u00f3n 2700 o Las Talitas, Escuela Nueva Argentina seg\u00fan corresponda)<\/p>\n<hr \/>\n<h5 style=\"text-align: left;\"><span style=\"color: #0b3dd4;\"><span style=\"color: #008000;\">FORMULARIO DE INSCRIPCI\u00d3N ASPIRANTES 2026:\u00a0 <img decoding=\"async\" loading=\"lazy\" class=\"alignnone wp-image-1055\" src=\"https:\/\/iestv-tuc.infd.edu.ar\/sitio\/wp-content\/uploads\/2020\/11\/MANO.png\" alt=\"\" width=\"32\" height=\"32\" srcset=\"https:\/\/iestv-tuc.infd.edu.ar\/sitio\/wp-content\/uploads\/2020\/11\/MANO.png 512w, https:\/\/iestv-tuc.infd.edu.ar\/sitio\/wp-content\/uploads\/2020\/11\/MANO-500x500.png 500w\" sizes=\"(max-width: 32px) 100vw, 32px\" \/>\u00a0<\/span><a style=\"color: #0b3dd4;\" href=\"https:\/\/docs.google.com\/forms\/d\/1o8fqYmcMLHRHiNicfvWD1OZ5Vpt1jEx08kEO8o0ucvY\/edit?usp=sharing\"><span style=\"color: #008000;\">clic ac\u00e1<\/span> <\/a><\/span><\/h5>\n<hr \/>\n<h5 style=\"text-align: left;\"><span style=\"color: #0000ff;\"><strong><span style=\"color: #000000;\">CURSO INTRODUCTORIO 2026 &#8211;<\/span><span style=\"color: #000000;\"><span style=\"color: #0000ff;\">\u00a0<\/span><\/span><\/strong><\/span><strong><span style=\"color: #000000;\">CUADERNILLOS DEL TALLER:<\/span><\/strong><\/h5>\n<p>Descargar CUADERNILLOS 2025 para CICLO LECTIVO 2026<\/p>\n<ul>\n<li>\n<p style=\"text-align: left;\"><span style=\"color: #ff0000;\"><strong><span style=\"color: #000000;\">PROFESORADO DE EDUCACI\u00d3N PRIMARIA<\/span><\/strong> <a href=\"https:\/\/iestv-tuc.infd.edu.ar\/sitio\/wp-content\/uploads\/2025\/02\/CUADERNILLO-DE-INGRESO-2025-IES-TAFI-VIEJO.pdf\">CUADERNILLO PEP 2025\u00a0<\/a><\/span><\/p>\n<\/li>\n<li>\n<p style=\"text-align: left;\"><span style=\"color: #ff0000;\"><strong><span style=\"color: #000000;\">PROFESORADO DE EDUCACI\u00d3N INICIAL<\/span><\/strong> <a href=\"https:\/\/iestv-tuc.infd.edu.ar\/sitio\/wp-content\/uploads\/2025\/02\/CUADERNILLO-DE-INGRESO-2025-IES-TAFI-VIEJO.pdf\">CUADERNILLO PEI 2025\u00a0<\/a><\/span><\/p>\n<\/li>\n<li>\n<p style=\"text-align: left;\"><span style=\"color: #ff0000;\"><strong><span style=\"color: #000000;\">PROFESORADO DE EDUCACI\u00d3N SECUNDARIA EN F\u00cdSICA<\/span><\/strong> <a href=\"https:\/\/iestv-tuc.infd.edu.ar\/sitio\/wp-content\/uploads\/2025\/03\/Cuadernillo-de-ingreso-a-Fisica-2025.pdf\">Cuadernillo de ingreso a F\u00edsica 2025<\/a><\/span><\/p>\n<\/li>\n<li>\n<p style=\"text-align: left;\"><span style=\"color: #ff0000;\"><strong><span style=\"color: #000000;\">TECNICATURA SUPERIOR EN DESARROLLO DE SOFTWARE<\/span><\/strong> Para informaci\u00f3n de inscriptos y cursillo de ambientaci\u00f3n de tecnicatura en desarrollo de software, comunicarse a ies.tafiviejo.tecnicatura@gmail.com, o al 3815492321<\/span><\/p>\n<\/li>\n<li>\n<p style=\"text-align: left;\"><span style=\"color: #3366ff;\"><strong><span style=\"color: #000000;\">TECNICATURA SUPERIOR EN GESTI\u00d3N AMBIENTAL<\/span><\/strong>\u00a0 <\/span><span style=\"color: #0b3dd4;\"><a href=\"https:\/\/iestv-tuc.infd.edu.ar\/sitio\/wp-content\/uploads\/2025\/03\/CUADERNILLO-DE-INGRESO-TGA-2025.pdf\">CUADERNILLO DE INGRESO TGA 2025<\/a><\/span><\/p>\n<\/li>\n<\/ul>\n<hr \/>\n<h3 style=\"text-align: center;\"><\/h3>\n<h3 style=\"text-align: left;\"><\/h3>\n<h3><\/h3>\n<h3><\/h3>\n<h3><\/h3>\n<h3><\/h3>\n<h3><\/h3>\n<h3><\/h3>\n<h1 style=\"text-align: center;\"><\/h1>\n<h3><\/h3>\n<h3><\/h3>\n<h3><strong>\u00a0<\/strong><\/h3>\n<h3><\/h3>\n<h3><span style=\"color: #003366;\"><strong>\u00a0<\/strong><\/span><\/h3>\n<h3><\/h3>\n<h2 style=\"text-align: center;\"><\/h2>\n","protected":false},"excerpt":{"rendered":"<p>ATENCI\u00d3N INGRESANTES!!! MODIFICACI\u00d3N DEL INICIO DE CLASES. LAS CLASES INICIAN EL 25 DE MARZO A HORAS 18:20. EL MISMO D\u00cdA DEBER\u00c1N PRESENTAR LA DOCUMENTACI\u00d3N OBLIGATORIA EN LA CARPETA CORRESPONDIENTE EN PRECEPTORIA. INGRESANTES DE LA TECNICATURA SUPERIOR EN DESARROLLO DE SOFTWARE DEBEN PRESENTARSE EN SEDE DE YERBA BUENA O LAS TALITAS SEGUN INSCRIPCI\u00d3N DE CURSADO. INGRESANTES &#8230; <a title=\"&#x1f4e2; INSCRIPCIONES CICLO LECTIVO 2026\" class=\"read-more\" href=\"https:\/\/iestv-tuc.infd.edu.ar\/sitio\/ingreso-2022\/\" aria-label=\"More on &#x1f4e2; INSCRIPCIONES CICLO LECTIVO 2026\">[+]<\/a><\/p>\n","protected":false},"author":34,"featured_media":0,"parent":0,"menu_order":0,"comment_status":"closed","ping_status":"closed","template":"","meta":[],"acf":[],"_links":{"self":[{"href":"https:\/\/iestv-tuc.infd.edu.ar\/sitio\/wp-json\/wp\/v2\/pages\/1036"}],"collection":[{"href":"https:\/\/iestv-tuc.infd.edu.ar\/sitio\/wp-json\/wp\/v2\/pages"}],"about":[{"href":"https:\/\/iestv-tuc.infd.edu.ar\/sitio\/wp-json\/wp\/v2\/types\/page"}],"author":[{"embeddable":true,"href":"https:\/\/iestv-tuc.infd.edu.ar\/sitio\/wp-json\/wp\/v2\/users\/34"}],"replies":[{"embeddable":true,"href":"https:\/\/iestv-tuc.infd.edu.ar\/sitio\/wp-json\/wp\/v2\/comments?post=1036"}],"version-history":[{"count":114,"href":"https:\/\/iestv-tuc.infd.edu.ar\/sitio\/wp-json\/wp\/v2\/pages\/1036\/revisions"}],"predecessor-version":[{"id":2273,"href":"https:\/\/iestv-tuc.infd.edu.ar\/sitio\/wp-json\/wp\/v2\/pages\/1036\/revisions\/2273"}],"wp:attachment":[{"href":"https:\/\/iestv-tuc.infd.edu.ar\/sitio\/wp-json\/wp\/v2\/media?parent=1036"}],"curies":[{"name":"wp","href":"https:\/\/api.w.org\/{rel}","templated":true}]}}