{"id":1022,"date":"2020-11-07T19:02:42","date_gmt":"2020-11-07T22:02:42","guid":{"rendered":"https:\/\/iestv-tuc.infd.edu.ar\/sitio\/?page_id=1022"},"modified":"2025-11-05T20:17:00","modified_gmt":"2025-11-05T23:17:00","slug":"examenes-finales-3","status":"publish","type":"page","link":"https:\/\/iestv-tuc.infd.edu.ar\/sitio\/examenes-finales-3\/","title":{"rendered":"LLAMADO Ex\u00e1menes Finales FISICA NOVIEMBRE 2025"},"content":{"rendered":"<h2 style=\"text-align: center;\">PROFESORADO DE EDUCACI\u00d3N SECUNDARIA EN F\u00cdSICA<\/h2>\n<h2 style=\"text-align: center;\">TURNO DE EX\u00c1MENES FINALES NOVIEMBRE 2025<\/h2>\n<p style=\"text-align: center;\">\n<p style=\"text-align: center;\">\n<h1><span style=\"color: #0000ff;\"><strong>FORMULARIO DE\u00a0<\/strong>INSCRIPCI\u00d3N NOVIEMBRE 2025:<img decoding=\"async\" loading=\"lazy\" class=\"alignnone wp-image-1055\" src=\"https:\/\/iestv-tuc.infd.edu.ar\/sitio\/wp-content\/uploads\/2020\/11\/MANO.png\" alt=\"\" width=\"37\" height=\"37\" srcset=\"https:\/\/iestv-tuc.infd.edu.ar\/sitio\/wp-content\/uploads\/2020\/11\/MANO.png 512w, https:\/\/iestv-tuc.infd.edu.ar\/sitio\/wp-content\/uploads\/2020\/11\/MANO-500x500.png 500w\" sizes=\"(max-width: 37px) 100vw, 37px\" \/>\u00a0<a href=\"https:\/\/docs.google.com\/forms\/d\/14BdLraiaBMXcSkpBPTQmom98KdjelB1xR4_mWzbqrbw\/edit\">(clic ac\u00e1)<\/a><\/span><\/h1>\n<h4><span style=\"color: #ff0000;\">IMPORTANTE!!! Recuerda que en caso de decidir no rendir la materia debes darte de baja 48 hs antes de la fecha fijada, avisando al preceptor para evitar una mesa castigo en el pr\u00f3ximo Turno de Examen.<\/span><\/h4>\n","protected":false},"excerpt":{"rendered":"<p>PROFESORADO DE EDUCACI\u00d3N SECUNDARIA EN F\u00cdSICA TURNO DE EX\u00c1MENES FINALES NOVIEMBRE 2025 FORMULARIO DE\u00a0INSCRIPCI\u00d3N NOVIEMBRE 2025:\u00a0(clic ac\u00e1) IMPORTANTE!!! Recuerda que en caso de decidir no rendir la materia debes darte de baja 48 hs antes de la fecha fijada, avisando al preceptor para evitar una mesa castigo en el pr\u00f3ximo Turno de Examen.<\/p>\n","protected":false},"author":34,"featured_media":0,"parent":0,"menu_order":0,"comment_status":"closed","ping_status":"closed","template":"","meta":[],"acf":[],"_links":{"self":[{"href":"https:\/\/iestv-tuc.infd.edu.ar\/sitio\/wp-json\/wp\/v2\/pages\/1022"}],"collection":[{"href":"https:\/\/iestv-tuc.infd.edu.ar\/sitio\/wp-json\/wp\/v2\/pages"}],"about":[{"href":"https:\/\/iestv-tuc.infd.edu.ar\/sitio\/wp-json\/wp\/v2\/types\/page"}],"author":[{"embeddable":true,"href":"https:\/\/iestv-tuc.infd.edu.ar\/sitio\/wp-json\/wp\/v2\/users\/34"}],"replies":[{"embeddable":true,"href":"https:\/\/iestv-tuc.infd.edu.ar\/sitio\/wp-json\/wp\/v2\/comments?post=1022"}],"version-history":[{"count":60,"href":"https:\/\/iestv-tuc.infd.edu.ar\/sitio\/wp-json\/wp\/v2\/pages\/1022\/revisions"}],"predecessor-version":[{"id":2243,"href":"https:\/\/iestv-tuc.infd.edu.ar\/sitio\/wp-json\/wp\/v2\/pages\/1022\/revisions\/2243"}],"wp:attachment":[{"href":"https:\/\/iestv-tuc.infd.edu.ar\/sitio\/wp-json\/wp\/v2\/media?parent=1022"}],"curies":[{"name":"wp","href":"https:\/\/api.w.org\/{rel}","templated":true}]}}